{"id":842,"date":"2023-09-24T09:09:55","date_gmt":"2023-09-24T09:09:55","guid":{"rendered":"https:\/\/colegiultoplita.ro\/wp\/?page_id=842"},"modified":"2026-04-07T08:51:12","modified_gmt":"2026-04-07T08:51:12","slug":"informatii","status":"publish","type":"page","link":"https:\/\/colegiultoplita.ro\/wp\/?page_id=842","title":{"rendered":"Informa\u021bii"},"content":{"rendered":"\t\t<div data-elementor-type=\"wp-page\" data-elementor-id=\"842\" class=\"elementor elementor-842\">\n\t\t\t\t<div class=\"elementor-element elementor-element-53de5e6 e-flex e-con-boxed e-con e-parent\" data-id=\"53de5e6\" data-element_type=\"container\">\n\t\t\t\t\t<div class=\"e-con-inner\">\n\t\t\t\t<div class=\"elementor-element elementor-element-a64d205 elementor-widget elementor-widget-heading\" data-id=\"a64d205\" data-element_type=\"widget\" data-widget_type=\"heading.default\">\n\t\t\t\t<div class=\"elementor-widget-container\">\n\t\t\t\t\t<h2 class=\"elementor-heading-title elementor-size-default\"><a href=\"https:\/\/colegiultoplita.ro\/wp\/wp-content\/uploads\/2026\/04\/Workshop.jpeg\" target=\"_blank\">WORKSHOP:   Meseria care salveaz\u0103 vie\u0163i \u00eencepe cu tine!<\/a><\/h2>\t\t\t\t<\/div>\n\t\t\t\t<\/div>\n\t\t\t\t\t<\/div>\n\t\t\t\t<\/div>\n\t\t<div class=\"elementor-element elementor-element-73fab66 e-flex e-con-boxed e-con e-parent\" data-id=\"73fab66\" data-element_type=\"container\">\n\t\t\t\t\t<div class=\"e-con-inner\">\n\t\t\t\t\t<\/div>\n\t\t\t\t<\/div>\n\t\t\t\t<section class=\"elementor-section elementor-top-section elementor-element elementor-element-e4816f9 elementor-section-boxed elementor-section-height-default elementor-section-height-default\" data-id=\"e4816f9\" data-element_type=\"section\" data-settings=\"{&quot;background_background&quot;:&quot;classic&quot;}\">\n\t\t\t\t\t\t<div class=\"elementor-container elementor-column-gap-wide\">\n\t\t\t\t\t<div class=\"elementor-column elementor-col-100 elementor-top-column elementor-element elementor-element-1b254f0\" data-id=\"1b254f0\" data-element_type=\"column\">\n\t\t\t<div class=\"elementor-widget-wrap elementor-element-populated\">\n\t\t\t\t\t\t<div class=\"elementor-element elementor-element-997cd6e elementor-widget elementor-widget-heading\" data-id=\"997cd6e\" data-element_type=\"widget\" data-widget_type=\"heading.default\">\n\t\t\t\t<div class=\"elementor-widget-container\">\n\t\t\t\t\t<h2 class=\"elementor-heading-title elementor-size-large\"><a href=\"https:\/\/www.edu.ro\/burse_scolare\" target=\"_blank\">BURSE \u0218COLARE<\/a><\/h2>\t\t\t\t<\/div>\n\t\t\t\t<\/div>\n\t\t\t\t\t<\/div>\n\t\t<\/div>\n\t\t\t\t\t<\/div>\n\t\t<\/section>\n\t\t\t\t<section class=\"elementor-section elementor-top-section elementor-element elementor-element-1ff20f2 elementor-section-boxed elementor-section-height-default elementor-section-height-default\" data-id=\"1ff20f2\" data-element_type=\"section\">\n\t\t\t\t\t\t<div class=\"elementor-container elementor-column-gap-default\">\n\t\t\t\t\t<div class=\"elementor-column elementor-col-50 elementor-top-column elementor-element elementor-element-9bcd085\" data-id=\"9bcd085\" data-element_type=\"column\">\n\t\t\t<div class=\"elementor-widget-wrap elementor-element-populated\">\n\t\t\t\t\t\t<div class=\"elementor-element elementor-element-07ca3f0 elementor-align-center elementor-widget elementor-widget-button\" data-id=\"07ca3f0\" data-element_type=\"widget\" data-widget_type=\"button.default\">\n\t\t\t\t<div class=\"elementor-widget-container\">\n\t\t\t\t\t\t\t\t\t<div class=\"elementor-button-wrapper\">\n\t\t\t\t\t<a class=\"elementor-button elementor-button-link elementor-size-sm\" href=\"https:\/\/colegiultoplita.ro\/wp\/wp-content\/uploads\/2024\/09\/anunt-burse-scolare-2024-25.pdf\" target=\"_blank\">\n\t\t\t\t\t\t<span class=\"elementor-button-content-wrapper\">\n\t\t\t\t\t\t\t\t\t<span class=\"elementor-button-text\">Criterii acordare burse<\/span>\n\t\t\t\t\t<\/span>\n\t\t\t\t\t<\/a>\n\t\t\t\t<\/div>\n\t\t\t\t\t\t\t\t<\/div>\n\t\t\t\t<\/div>\n\t\t\t\t\t<\/div>\n\t\t<\/div>\n\t\t\t\t<div class=\"elementor-column elementor-col-50 elementor-top-column elementor-element elementor-element-bf19904\" data-id=\"bf19904\" data-element_type=\"column\">\n\t\t\t<div class=\"elementor-widget-wrap elementor-element-populated\">\n\t\t\t\t\t\t<div class=\"elementor-element elementor-element-6d0e93a elementor-align-center elementor-widget elementor-widget-button\" data-id=\"6d0e93a\" data-element_type=\"widget\" data-widget_type=\"button.default\">\n\t\t\t\t<div class=\"elementor-widget-container\">\n\t\t\t\t\t\t\t\t\t<div class=\"elementor-button-wrapper\">\n\t\t\t\t\t<a class=\"elementor-button elementor-button-link elementor-size-sm\" href=\"https:\/\/colegiultoplita.ro\/wp\/wp-content\/uploads\/2024\/09\/Cereri-burse.pdf\" target=\"_blank\">\n\t\t\t\t\t\t<span class=\"elementor-button-content-wrapper\">\n\t\t\t\t\t\t\t\t\t<span class=\"elementor-button-text\">Cereri burse<\/span>\n\t\t\t\t\t<\/span>\n\t\t\t\t\t<\/a>\n\t\t\t\t<\/div>\n\t\t\t\t\t\t\t\t<\/div>\n\t\t\t\t<\/div>\n\t\t\t\t\t<\/div>\n\t\t<\/div>\n\t\t\t\t\t<\/div>\n\t\t<\/section>\n\t\t\t\t<\/div>\n\t\t","protected":false},"excerpt":{"rendered":"<p>WORKSHOP: Meseria care salveaz\u0103 vie\u0163i \u00eencepe cu tine! BURSE \u0218COLARE Criterii acordare burse Cereri burse<\/p>\n","protected":false},"author":1,"featured_media":0,"parent":0,"menu_order":0,"comment_status":"closed","ping_status":"closed","template":"","meta":{"site-sidebar-layout":"default","site-content-layout":"","ast-site-content-layout":"default","site-content-style":"default","site-sidebar-style":"default","ast-global-header-display":"","ast-banner-title-visibility":"","ast-main-header-display":"","ast-hfb-above-header-display":"","ast-hfb-below-header-display":"","ast-hfb-mobile-header-display":"","site-post-title":"","ast-breadcrumbs-content":"","ast-featured-img":"","footer-sml-layout":"","theme-transparent-header-meta":"","adv-header-id-meta":"","stick-header-meta":"","header-above-stick-meta":"","header-main-stick-meta":"","header-below-stick-meta":"","astra-migrate-meta-layouts":"set","ast-page-background-enabled":"default","ast-page-background-meta":{"desktop":{"background-color":"var(--ast-global-color-4)","background-image":"","background-repeat":"repeat","background-position":"center center","background-size":"auto","background-attachment":"scroll","background-type":"","background-media":"","overlay-type":"","overlay-color":"","overlay-gradient":""},"tablet":{"background-color":"","background-image":"","background-repeat":"repeat","background-position":"center center","background-size":"auto","background-attachment":"scroll","background-type":"","background-media":"","overlay-type":"","overlay-color":"","overlay-gradient":""},"mobile":{"background-color":"","background-image":"","background-repeat":"repeat","background-position":"center center","background-size":"auto","background-attachment":"scroll","background-type":"","background-media":"","overlay-type":"","overlay-color":"","overlay-gradient":""}},"ast-content-background-meta":{"desktop":{"background-color":"var(--ast-global-color-5)","background-image":"","background-repeat":"repeat","background-position":"center center","background-size":"auto","background-attachment":"scroll","background-type":"","background-media":"","overlay-type":"","overlay-color":"","overlay-gradient":""},"tablet":{"background-color":"var(--ast-global-color-5)","background-image":"","background-repeat":"repeat","background-position":"center center","background-size":"auto","background-attachment":"scroll","background-type":"","background-media":"","overlay-type":"","overlay-color":"","overlay-gradient":""},"mobile":{"background-color":"var(--ast-global-color-5)","background-image":"","background-repeat":"repeat","background-position":"center center","background-size":"auto","background-attachment":"scroll","background-type":"","background-media":"","overlay-type":"","overlay-color":"","overlay-gradient":""}},"footnotes":""},"class_list":["post-842","page","type-page","status-publish","hentry"],"yoast_head":"<!-- This site is optimized with the Yoast SEO plugin v26.7 - https:\/\/yoast.com\/wordpress\/plugins\/seo\/ -->\n<title>informa\u021bii,anun\u021buri,nout\u0103\u021bi Colegiul Na\u021bional Mihai Eminescu Topli\u021ba<\/title>\n<meta name=\"description\" content=\"burse scolare,anunt angajare paznic si laborant % %\" \/>\n<meta name=\"robots\" content=\"index, follow, max-snippet:-1, max-image-preview:large, max-video-preview:-1\" \/>\n<link rel=\"canonical\" href=\"https:\/\/colegiultoplita.ro\/wp\/?page_id=842\" \/>\n<meta property=\"og:locale\" content=\"ro_RO\" \/>\n<meta property=\"og:type\" content=\"article\" \/>\n<meta property=\"og:title\" content=\"informa\u021bii,anun\u021buri,nout\u0103\u021bi Colegiul Na\u021bional Mihai Eminescu Topli\u021ba\" \/>\n<meta property=\"og:description\" content=\"burse scolare,anunt angajare paznic si laborant % %\" \/>\n<meta property=\"og:url\" content=\"https:\/\/colegiultoplita.ro\/wp\/?page_id=842\" \/>\n<meta property=\"article:modified_time\" content=\"2026-04-07T08:51:12+00:00\" \/>\n<meta name=\"twitter:card\" content=\"summary_large_image\" \/>\n<meta name=\"twitter:label1\" content=\"Timp estimat pentru citire\" \/>\n\t<meta name=\"twitter:data1\" content=\"1 minut\" \/>\n<script type=\"application\/ld+json\" class=\"yoast-schema-graph\">{\"@context\":\"https:\/\/schema.org\",\"@graph\":[{\"@type\":\"WebPage\",\"@id\":\"https:\/\/colegiultoplita.ro\/wp\/?page_id=842\",\"url\":\"https:\/\/colegiultoplita.ro\/wp\/?page_id=842\",\"name\":\"informa\u021bii,anun\u021buri,nout\u0103\u021bi Colegiul Na\u021bional Mihai Eminescu Topli\u021ba\",\"isPartOf\":{\"@id\":\"https:\/\/colegiultoplita.ro\/wp\/#website\"},\"datePublished\":\"2023-09-24T09:09:55+00:00\",\"dateModified\":\"2026-04-07T08:51:12+00:00\",\"description\":\"burse scolare,anunt angajare paznic si laborant % %\",\"breadcrumb\":{\"@id\":\"https:\/\/colegiultoplita.ro\/wp\/?page_id=842#breadcrumb\"},\"inLanguage\":\"ro-RO\",\"potentialAction\":[{\"@type\":\"ReadAction\",\"target\":[\"https:\/\/colegiultoplita.ro\/wp\/?page_id=842\"]}]},{\"@type\":\"BreadcrumbList\",\"@id\":\"https:\/\/colegiultoplita.ro\/wp\/?page_id=842#breadcrumb\",\"itemListElement\":[{\"@type\":\"ListItem\",\"position\":1,\"name\":\"Prima pagin\u0103\",\"item\":\"https:\/\/colegiultoplita.ro\/wp\/\"},{\"@type\":\"ListItem\",\"position\":2,\"name\":\"Informa\u021bii\"}]},{\"@type\":\"WebSite\",\"@id\":\"https:\/\/colegiultoplita.ro\/wp\/#website\",\"url\":\"https:\/\/colegiultoplita.ro\/wp\/\",\"name\":\"Colegiul Na\u021bional \u201dMihai Eminescu\u201d Topli\u021ba\",\"description\":\"\",\"publisher\":{\"@id\":\"https:\/\/colegiultoplita.ro\/wp\/#organization\"},\"potentialAction\":[{\"@type\":\"SearchAction\",\"target\":{\"@type\":\"EntryPoint\",\"urlTemplate\":\"https:\/\/colegiultoplita.ro\/wp\/?s={search_term_string}\"},\"query-input\":{\"@type\":\"PropertyValueSpecification\",\"valueRequired\":true,\"valueName\":\"search_term_string\"}}],\"inLanguage\":\"ro-RO\"},{\"@type\":\"Organization\",\"@id\":\"https:\/\/colegiultoplita.ro\/wp\/#organization\",\"name\":\"Colegiul Na\u021bional \u201dMihai Eminescu\u201d Topli\u021ba\",\"url\":\"https:\/\/colegiultoplita.ro\/wp\/\",\"logo\":{\"@type\":\"ImageObject\",\"inLanguage\":\"ro-RO\",\"@id\":\"https:\/\/colegiultoplita.ro\/wp\/#\/schema\/logo\/image\/\",\"url\":\"https:\/\/colegiultoplita.ro\/wp\/wp-content\/uploads\/2024\/01\/sigla-CNME-Toplita-e1704973640527.png\",\"contentUrl\":\"https:\/\/colegiultoplita.ro\/wp\/wp-content\/uploads\/2024\/01\/sigla-CNME-Toplita-e1704973640527.png\",\"width\":60,\"height\":60,\"caption\":\"Colegiul Na\u021bional \u201dMihai Eminescu\u201d Topli\u021ba\"},\"image\":{\"@id\":\"https:\/\/colegiultoplita.ro\/wp\/#\/schema\/logo\/image\/\"}}]}<\/script>\n<!-- \/ Yoast SEO plugin. -->","yoast_head_json":{"title":"informa\u021bii,anun\u021buri,nout\u0103\u021bi Colegiul Na\u021bional Mihai Eminescu Topli\u021ba","description":"burse scolare,anunt angajare paznic si laborant % %","robots":{"index":"index","follow":"follow","max-snippet":"max-snippet:-1","max-image-preview":"max-image-preview:large","max-video-preview":"max-video-preview:-1"},"canonical":"https:\/\/colegiultoplita.ro\/wp\/?page_id=842","og_locale":"ro_RO","og_type":"article","og_title":"informa\u021bii,anun\u021buri,nout\u0103\u021bi Colegiul Na\u021bional Mihai Eminescu Topli\u021ba","og_description":"burse scolare,anunt angajare paznic si laborant % %","og_url":"https:\/\/colegiultoplita.ro\/wp\/?page_id=842","article_modified_time":"2026-04-07T08:51:12+00:00","twitter_card":"summary_large_image","twitter_misc":{"Timp estimat pentru citire":"1 minut"},"schema":{"@context":"https:\/\/schema.org","@graph":[{"@type":"WebPage","@id":"https:\/\/colegiultoplita.ro\/wp\/?page_id=842","url":"https:\/\/colegiultoplita.ro\/wp\/?page_id=842","name":"informa\u021bii,anun\u021buri,nout\u0103\u021bi Colegiul Na\u021bional Mihai Eminescu Topli\u021ba","isPartOf":{"@id":"https:\/\/colegiultoplita.ro\/wp\/#website"},"datePublished":"2023-09-24T09:09:55+00:00","dateModified":"2026-04-07T08:51:12+00:00","description":"burse scolare,anunt angajare paznic si laborant % %","breadcrumb":{"@id":"https:\/\/colegiultoplita.ro\/wp\/?page_id=842#breadcrumb"},"inLanguage":"ro-RO","potentialAction":[{"@type":"ReadAction","target":["https:\/\/colegiultoplita.ro\/wp\/?page_id=842"]}]},{"@type":"BreadcrumbList","@id":"https:\/\/colegiultoplita.ro\/wp\/?page_id=842#breadcrumb","itemListElement":[{"@type":"ListItem","position":1,"name":"Prima pagin\u0103","item":"https:\/\/colegiultoplita.ro\/wp\/"},{"@type":"ListItem","position":2,"name":"Informa\u021bii"}]},{"@type":"WebSite","@id":"https:\/\/colegiultoplita.ro\/wp\/#website","url":"https:\/\/colegiultoplita.ro\/wp\/","name":"Colegiul Na\u021bional \u201dMihai Eminescu\u201d Topli\u021ba","description":"","publisher":{"@id":"https:\/\/colegiultoplita.ro\/wp\/#organization"},"potentialAction":[{"@type":"SearchAction","target":{"@type":"EntryPoint","urlTemplate":"https:\/\/colegiultoplita.ro\/wp\/?s={search_term_string}"},"query-input":{"@type":"PropertyValueSpecification","valueRequired":true,"valueName":"search_term_string"}}],"inLanguage":"ro-RO"},{"@type":"Organization","@id":"https:\/\/colegiultoplita.ro\/wp\/#organization","name":"Colegiul Na\u021bional \u201dMihai Eminescu\u201d Topli\u021ba","url":"https:\/\/colegiultoplita.ro\/wp\/","logo":{"@type":"ImageObject","inLanguage":"ro-RO","@id":"https:\/\/colegiultoplita.ro\/wp\/#\/schema\/logo\/image\/","url":"https:\/\/colegiultoplita.ro\/wp\/wp-content\/uploads\/2024\/01\/sigla-CNME-Toplita-e1704973640527.png","contentUrl":"https:\/\/colegiultoplita.ro\/wp\/wp-content\/uploads\/2024\/01\/sigla-CNME-Toplita-e1704973640527.png","width":60,"height":60,"caption":"Colegiul Na\u021bional \u201dMihai Eminescu\u201d Topli\u021ba"},"image":{"@id":"https:\/\/colegiultoplita.ro\/wp\/#\/schema\/logo\/image\/"}}]}},"_links":{"self":[{"href":"https:\/\/colegiultoplita.ro\/wp\/index.php?rest_route=\/wp\/v2\/pages\/842","targetHints":{"allow":["GET"]}}],"collection":[{"href":"https:\/\/colegiultoplita.ro\/wp\/index.php?rest_route=\/wp\/v2\/pages"}],"about":[{"href":"https:\/\/colegiultoplita.ro\/wp\/index.php?rest_route=\/wp\/v2\/types\/page"}],"author":[{"embeddable":true,"href":"https:\/\/colegiultoplita.ro\/wp\/index.php?rest_route=\/wp\/v2\/users\/1"}],"replies":[{"embeddable":true,"href":"https:\/\/colegiultoplita.ro\/wp\/index.php?rest_route=%2Fwp%2Fv2%2Fcomments&post=842"}],"version-history":[{"count":126,"href":"https:\/\/colegiultoplita.ro\/wp\/index.php?rest_route=\/wp\/v2\/pages\/842\/revisions"}],"predecessor-version":[{"id":1893,"href":"https:\/\/colegiultoplita.ro\/wp\/index.php?rest_route=\/wp\/v2\/pages\/842\/revisions\/1893"}],"wp:attachment":[{"href":"https:\/\/colegiultoplita.ro\/wp\/index.php?rest_route=%2Fwp%2Fv2%2Fmedia&parent=842"}],"curies":[{"name":"wp","href":"https:\/\/api.w.org\/{rel}","templated":true}]}}