{"id":741,"date":"2022-03-14T07:44:05","date_gmt":"2022-03-14T07:44:05","guid":{"rendered":"http:\/\/colegiultoplita.ro\/wp\/?page_id=741"},"modified":"2025-09-29T09:27:04","modified_gmt":"2025-09-29T09:27:04","slug":"acasa-colegiul-national-mihai-eminescu-toplita","status":"publish","type":"page","link":"https:\/\/colegiultoplita.ro\/wp\/","title":{"rendered":"Acas\u0103"},"content":{"rendered":"\t\t<div data-elementor-type=\"wp-page\" data-elementor-id=\"741\" class=\"elementor elementor-741\">\n\t\t\t\t\t\t<section class=\"elementor-section elementor-top-section elementor-element elementor-element-6f67b3a elementor-section-boxed elementor-section-height-default elementor-section-height-default\" data-id=\"6f67b3a\" data-element_type=\"section\">\n\t\t\t\t\t\t<div class=\"elementor-container elementor-column-gap-default\">\n\t\t\t\t\t<div class=\"elementor-column elementor-col-100 elementor-top-column elementor-element elementor-element-f377080\" data-id=\"f377080\" data-element_type=\"column\">\n\t\t\t<div class=\"elementor-widget-wrap elementor-element-populated\">\n\t\t\t\t\t\t<div class=\"elementor-element elementor-element-146526e elementor-widget elementor-widget-heading\" data-id=\"146526e\" data-element_type=\"widget\" data-widget_type=\"heading.default\">\n\t\t\t\t<div class=\"elementor-widget-container\">\n\t\t\t\t\t<h2 class=\"elementor-heading-title elementor-size-default\">Misiunea \u0219colii<\/h2>\t\t\t\t<\/div>\n\t\t\t\t<\/div>\n\t\t\t\t\t<\/div>\n\t\t<\/div>\n\t\t\t\t\t<\/div>\n\t\t<\/section>\n\t\t\t\t<section class=\"elementor-section elementor-top-section elementor-element elementor-element-ca4beba animated-slow elementor-section-boxed elementor-section-height-default elementor-section-height-default\" data-id=\"ca4beba\" data-element_type=\"section\" data-settings=\"{&quot;background_background&quot;:&quot;classic&quot;,&quot;animation&quot;:&quot;none&quot;,&quot;animation_delay&quot;:500}\">\n\t\t\t\t\t\t<div class=\"elementor-container elementor-column-gap-default\">\n\t\t\t\t\t<div class=\"elementor-column elementor-col-50 elementor-top-column elementor-element elementor-element-446b38f\" data-id=\"446b38f\" data-element_type=\"column\">\n\t\t\t<div class=\"elementor-widget-wrap elementor-element-populated\">\n\t\t\t\t\t\t<div class=\"elementor-element elementor-element-fd8c6b2 elementor-widget elementor-widget-text-editor\" data-id=\"fd8c6b2\" data-element_type=\"widget\" data-widget_type=\"text-editor.default\">\n\t\t\t\t<div class=\"elementor-widget-container\">\n\t\t\t\t\t\t\t\t\t<p><span style=\"color: #0000ff; font-size: 14px;\">\u00a0 \u00a0 \u00a0 \u00a0Colegiul Na\u0163ional \u201e<a href=\"https:\/\/ro.wikipedia.org\/wiki\/Mihai_Eminescu\" target=\"_blank\" rel=\"noopener\">Mihai Eminescu<\/a>\u201d\u00a0 Topli\u0163a, jude\u0163ul Harghita asigur\u0103 instruirea \u015fi educarea tinerei genera\u0163ii, av\u00e2nd \u00een vedere cerin\u021bele zonei, r\u0103spunz\u00e2nd nevoilor fiec\u0103rui individ, oferind demersuri didactice diferen\u0163iate, dezvolt\u00e2nd personalit\u0103\u0163i cu g\u00e2ndire liber\u0103, sensibil la valorile umane locale, c\u00e2t \u015fi dezvoltarea acelor calit\u0103\u0163i \u015fi \u00eensu\u015firi care sunt \u00een concordan\u0163\u0103 cu poten\u0163ialit\u0103\u0163ile individuale \u015fi sunt necesare integr\u0103rii \u00een structura social\u0103 actual\u0103.<\/span><\/p>\t\t\t\t\t\t\t\t<\/div>\n\t\t\t\t<\/div>\n\t\t\t\t\t<\/div>\n\t\t<\/div>\n\t\t\t\t<div class=\"elementor-column elementor-col-50 elementor-top-column elementor-element elementor-element-42027d6\" data-id=\"42027d6\" data-element_type=\"column\">\n\t\t\t<div class=\"elementor-widget-wrap elementor-element-populated\">\n\t\t\t\t\t\t<div class=\"elementor-element elementor-element-0e8c552 elementor-widget elementor-widget-image\" data-id=\"0e8c552\" data-element_type=\"widget\" data-widget_type=\"image.default\">\n\t\t\t\t<div class=\"elementor-widget-container\">\n\t\t\t\t\t\t\t\t\t\t\t\t\t\t\t<img fetchpriority=\"high\" decoding=\"async\" width=\"300\" height=\"226\" src=\"https:\/\/colegiultoplita.ro\/wp\/wp-content\/uploads\/2024\/01\/poze-aparat-057-300x226.jpg\" class=\"attachment-medium size-medium wp-image-1317\" alt=\"\" srcset=\"https:\/\/colegiultoplita.ro\/wp\/wp-content\/uploads\/2024\/01\/poze-aparat-057-scaled-e1704965744919.jpg 300w, https:\/\/colegiultoplita.ro\/wp\/wp-content\/uploads\/2024\/01\/poze-aparat-057-1024x771.jpg 1024w, https:\/\/colegiultoplita.ro\/wp\/wp-content\/uploads\/2024\/01\/poze-aparat-057-768x578.jpg 768w, https:\/\/colegiultoplita.ro\/wp\/wp-content\/uploads\/2024\/01\/poze-aparat-057-1536x1156.jpg 1536w, https:\/\/colegiultoplita.ro\/wp\/wp-content\/uploads\/2024\/01\/poze-aparat-057-2048x1542.jpg 2048w\" sizes=\"(max-width: 300px) 100vw, 300px\" \/>\t\t\t\t\t\t\t\t\t\t\t\t\t\t\t<\/div>\n\t\t\t\t<\/div>\n\t\t\t\t\t<\/div>\n\t\t<\/div>\n\t\t\t\t\t<\/div>\n\t\t<\/section>\n\t\t\t\t<section class=\"elementor-section elementor-top-section elementor-element elementor-element-f63faf8 elementor-section-boxed elementor-section-height-default elementor-section-height-default\" data-id=\"f63faf8\" data-element_type=\"section\">\n\t\t\t\t\t\t<div class=\"elementor-container elementor-column-gap-default\">\n\t\t\t\t\t<div class=\"elementor-column elementor-col-100 elementor-top-column elementor-element elementor-element-2112075\" data-id=\"2112075\" data-element_type=\"column\">\n\t\t\t<div class=\"elementor-widget-wrap elementor-element-populated\">\n\t\t\t\t\t\t<div class=\"elementor-element elementor-element-25d639f elementor-widget elementor-widget-heading\" data-id=\"25d639f\" data-element_type=\"widget\" data-widget_type=\"heading.default\">\n\t\t\t\t<div class=\"elementor-widget-container\">\n\t\t\t\t\t<h2 class=\"elementor-heading-title elementor-size-default\">Viziunea \u0219colii - Colegiul Na\u021bional \u201dMihai Eminescu\u201d Topli\u021ba<\/h2>\t\t\t\t<\/div>\n\t\t\t\t<\/div>\n\t\t\t\t\t<\/div>\n\t\t<\/div>\n\t\t\t\t\t<\/div>\n\t\t<\/section>\n\t\t\t\t<section class=\"elementor-section elementor-top-section elementor-element elementor-element-d8715da elementor-section-boxed elementor-section-height-default elementor-section-height-default\" data-id=\"d8715da\" data-element_type=\"section\" data-settings=\"{&quot;background_background&quot;:&quot;classic&quot;}\">\n\t\t\t\t\t\t<div class=\"elementor-container elementor-column-gap-default\">\n\t\t\t\t\t<div class=\"elementor-column elementor-col-100 elementor-top-column elementor-element elementor-element-c1645fe\" data-id=\"c1645fe\" data-element_type=\"column\">\n\t\t\t<div class=\"elementor-widget-wrap elementor-element-populated\">\n\t\t\t\t\t\t<div class=\"elementor-element elementor-element-e29f5f6 elementor-widget__width-initial elementor-widget elementor-widget-text-editor\" data-id=\"e29f5f6\" data-element_type=\"widget\" data-widget_type=\"text-editor.default\">\n\t\t\t\t<div class=\"elementor-widget-container\">\n\t\t\t\t\t\t\t\t\t<p><strong>\u00a0 \u00a0 <span style=\"color: #0000ff;\">\u00a0\u201eCINE ARE CARTE, ARE PARTE\u201d<\/span><\/strong><\/p><p><span style=\"color: #0000ff;\">\u00a0 \u00a0 \u00a0 \u00a0 Dorim s\u0103 ne implic\u0103m \u00een procesul de integrare european\u0103 a societ\u0103\u021bii rom\u00e2ne\u0219ti, oferind un proces instructiv-educativ de calitate, \u0219anse egale pentru to\u021bi elevii f\u0103r\u0103 nici o discriminare, \u00eentr-o \u0219coal\u0103 cu atmosfer\u0103 de \u00eenalt\u0103 \u021binut\u0103 spiritual\u0103 \u0219i moral\u0103, \u00een colaborare cu to\u021bi partenerii no\u0219tri sociali.<\/span><\/p>\t\t\t\t\t\t\t\t<\/div>\n\t\t\t\t<\/div>\n\t\t\t\t\t<\/div>\n\t\t<\/div>\n\t\t\t\t\t<\/div>\n\t\t<\/section>\n\t\t\t\t<section class=\"elementor-section elementor-top-section elementor-element elementor-element-c0441fb elementor-section-boxed elementor-section-height-default elementor-section-height-default\" data-id=\"c0441fb\" data-element_type=\"section\">\n\t\t\t\t\t\t<div class=\"elementor-container elementor-column-gap-default\">\n\t\t\t\t\t<div class=\"elementor-column elementor-col-100 elementor-top-column elementor-element elementor-element-b98a82c\" data-id=\"b98a82c\" data-element_type=\"column\">\n\t\t\t<div class=\"elementor-widget-wrap elementor-element-populated\">\n\t\t\t\t\t\t<div class=\"elementor-element elementor-element-752ad70 elementor-widget elementor-widget-heading\" data-id=\"752ad70\" data-element_type=\"widget\" data-widget_type=\"heading.default\">\n\t\t\t\t<div class=\"elementor-widget-container\">\n\t\t\t\t\t<h2 class=\"elementor-heading-title elementor-size-default\">Colegiul Na\u021bional \u201dMihai Eminescu\u201d Topli\u021ba -  Scurt istoric<\/h2>\t\t\t\t<\/div>\n\t\t\t\t<\/div>\n\t\t\t\t\t<\/div>\n\t\t<\/div>\n\t\t\t\t\t<\/div>\n\t\t<\/section>\n\t\t\t\t<section class=\"elementor-section elementor-top-section elementor-element elementor-element-4df472d elementor-section-boxed elementor-section-height-default elementor-section-height-default\" data-id=\"4df472d\" data-element_type=\"section\" data-settings=\"{&quot;background_background&quot;:&quot;classic&quot;}\">\n\t\t\t\t\t\t<div class=\"elementor-container elementor-column-gap-default\">\n\t\t\t\t\t<div class=\"elementor-column elementor-col-100 elementor-top-column elementor-element elementor-element-1d8f42f\" data-id=\"1d8f42f\" data-element_type=\"column\">\n\t\t\t<div class=\"elementor-widget-wrap elementor-element-populated\">\n\t\t\t\t\t\t<div class=\"elementor-element elementor-element-9d25be3 elementor-widget__width-initial elementor-widget elementor-widget-text-editor\" data-id=\"9d25be3\" data-element_type=\"widget\" data-widget_type=\"text-editor.default\">\n\t\t\t\t<div class=\"elementor-widget-container\">\n\t\t\t\t\t\t\t\t\t<p>\u00a0\u00a0\u00a0\u00a0\u00a0\u00a0\u00a0 <span style=\"color: #0000ff;\">Colegiul Na\u0163ional &#8222;Mihai Eminescu&#8221; Topli\u0163a, jude\u0163ul Harghita\u00a0 este o institu\u0163ie de prestigiu \u00een zon\u0103, av\u00e2nd tradi\u0163ii de peste o jum\u0103tate de veac.\u00a0 \u00a0 Unitatea noastr\u0103 \u015fcolar\u0103 a fost \u00eenfiin\u0163at\u0103 \u00een anul 1925 ca ,,\u015ecoal\u0103 profesional\u0103\u201d pe l\u00e2ng\u0103 <a href=\"http:\/\/www.episcopiacvhr.ro\/manastiri-si-schituri\/manastirea-toplita\/\" target=\"_blank\" rel=\"noopener\">M\u0103n\u0103stirea ,,Sf\u00e2ntul Ilie\u201d- Topli\u0163a<\/a>. Acest lucru reiese din cartea ,,Topli\u0163a Rom\u00e2n\u0103 \u00een publicistica interbelic\u0103\u201d de Octavian D. Bucur \u015fi Carmen Bucur. Cel mai vechi document ce se p\u0103streaz\u0103 \u00een arhiva \u015fcoli este un registru matricol din anul \u015fcolar 1948 &#8211; 1949, ,celelalte documente s-au pierdut sau au fost distruse. <\/span><br \/><span style=\"color: #0000ff;\">\u00a0\u00a0\u00a0\u00a0\u00a0\u00a0\u00a0\u00a0\u00a0\u00a0 \u00centre ani 1948 &#8211; 1976 institu\u0163ia de \u00eenv\u0103\u0163\u0103m\u00e2nt a func\u0163ionat ca \u015ecoal\u0103 Profesional\u0103 Mixt\u0103. \u00cen anul 1976 devine Liceu Industrial nr.1 Topli\u021ba, din anul 1990 se transform\u0103 \u00een Liceul Teoretic ,,Mihai Eminescu\u201d iar \u00een anul 1997 devine Colegiul Na\u0163ional ,,Mihai Eminescu\u201d Topli\u0163a. <\/span><br \/><span style=\"color: #0000ff;\">\u00a0 \u00a0 \u00a0 \u00a0 \u00a0 \u00a0 \u00a0<\/span><\/p>\t\t\t\t\t\t\t\t<\/div>\n\t\t\t\t<\/div>\n\t\t\t\t\t<\/div>\n\t\t<\/div>\n\t\t\t\t\t<\/div>\n\t\t<\/section>\n\t\t\t\t<section class=\"elementor-section elementor-top-section elementor-element elementor-element-550bc14 elementor-section-boxed elementor-section-height-default elementor-section-height-default\" data-id=\"550bc14\" data-element_type=\"section\">\n\t\t\t\t\t\t<div class=\"elementor-container elementor-column-gap-default\">\n\t\t\t\t\t<div class=\"elementor-column elementor-col-100 elementor-top-column elementor-element elementor-element-a71fc54\" data-id=\"a71fc54\" data-element_type=\"column\">\n\t\t\t<div class=\"elementor-widget-wrap\">\n\t\t\t\t\t\t\t<\/div>\n\t\t<\/div>\n\t\t\t\t\t<\/div>\n\t\t<\/section>\n\t\t\t\t<\/div>\n\t\t","protected":false},"excerpt":{"rendered":"<p>Misiunea \u0219colii \u00a0 \u00a0 \u00a0 \u00a0Colegiul Na\u0163ional \u201eMihai Eminescu\u201d\u00a0 Topli\u0163a, jude\u0163ul Harghita asigur\u0103 instruirea \u015fi educarea tinerei genera\u0163ii, av\u00e2nd \u00een vedere cerin\u021bele zonei, r\u0103spunz\u00e2nd nevoilor fiec\u0103rui individ, oferind demersuri didactice diferen\u0163iate, dezvolt\u00e2nd personalit\u0103\u0163i cu g\u00e2ndire liber\u0103, sensibil la valorile umane locale, c\u00e2t \u015fi dezvoltarea acelor calit\u0103\u0163i \u015fi \u00eensu\u015firi care sunt \u00een concordan\u0163\u0103 cu poten\u0163ialit\u0103\u0163ile individuale [&hellip;]<\/p>\n","protected":false},"author":1,"featured_media":0,"parent":0,"menu_order":0,"comment_status":"closed","ping_status":"closed","template":"","meta":{"site-sidebar-layout":"no-sidebar","site-content-layout":"page-builder","ast-site-content-layout":"full-width-container","site-content-style":"unboxed","site-sidebar-style":"unboxed","ast-global-header-display":"","ast-banner-title-visibility":"","ast-main-header-display":"","ast-hfb-above-header-display":"","ast-hfb-below-header-display":"","ast-hfb-mobile-header-display":"","site-post-title":"disabled","ast-breadcrumbs-content":"","ast-featured-img":"disabled","footer-sml-layout":"","theme-transparent-header-meta":"default","adv-header-id-meta":"","stick-header-meta":"","header-above-stick-meta":"","header-main-stick-meta":"","header-below-stick-meta":"","astra-migrate-meta-layouts":"set","ast-page-background-enabled":"default","ast-page-background-meta":{"desktop":{"background-color":"var(--ast-global-color-4)","background-image":"","background-repeat":"repeat","background-position":"center center","background-size":"auto","background-attachment":"scroll","background-type":"","background-media":"","overlay-type":"","overlay-color":"","overlay-gradient":""},"tablet":{"background-color":"","background-image":"","background-repeat":"repeat","background-position":"center center","background-size":"auto","background-attachment":"scroll","background-type":"","background-media":"","overlay-type":"","overlay-color":"","overlay-gradient":""},"mobile":{"background-color":"","background-image":"","background-repeat":"repeat","background-position":"center center","background-size":"auto","background-attachment":"scroll","background-type":"","background-media":"","overlay-type":"","overlay-color":"","overlay-gradient":""}},"ast-content-background-meta":{"desktop":{"background-color":"var(--ast-global-color-5)","background-image":"","background-repeat":"repeat","background-position":"center center","background-size":"auto","background-attachment":"scroll","background-type":"","background-media":"","overlay-type":"","overlay-color":"","overlay-gradient":""},"tablet":{"background-color":"var(--ast-global-color-5)","background-image":"","background-repeat":"repeat","background-position":"center center","background-size":"auto","background-attachment":"scroll","background-type":"","background-media":"","overlay-type":"","overlay-color":"","overlay-gradient":""},"mobile":{"background-color":"var(--ast-global-color-5)","background-image":"","background-repeat":"repeat","background-position":"center center","background-size":"auto","background-attachment":"scroll","background-type":"","background-media":"","overlay-type":"","overlay-color":"","overlay-gradient":""}},"footnotes":""},"class_list":["post-741","page","type-page","status-publish","hentry"],"yoast_head":"<!-- This site is optimized with the Yoast SEO plugin v26.7 - https:\/\/yoast.com\/wordpress\/plugins\/seo\/ -->\n<title>Acas\u0103 -<\/title>\n<meta name=\"description\" content=\"asigur\u0103 educarea tinerilor avand invatamant liceal,profesional,postliceal sanitar\" \/>\n<meta name=\"robots\" content=\"index, follow, max-snippet:-1, max-image-preview:large, max-video-preview:-1\" \/>\n<link rel=\"canonical\" href=\"https:\/\/colegiultoplita.ro\/wp\/\" \/>\n<meta property=\"og:locale\" content=\"ro_RO\" \/>\n<meta property=\"og:type\" content=\"article\" \/>\n<meta property=\"og:title\" content=\"Acas\u0103 -\" \/>\n<meta property=\"og:description\" content=\"asigur\u0103 educarea tinerilor avand invatamant liceal,profesional,postliceal sanitar\" \/>\n<meta property=\"og:url\" content=\"https:\/\/colegiultoplita.ro\/wp\/\" \/>\n<meta property=\"article:modified_time\" content=\"2025-09-29T09:27:04+00:00\" \/>\n<meta property=\"og:image\" content=\"https:\/\/colegiultoplita.ro\/wp\/wp-content\/uploads\/2024\/01\/poze-aparat-057-300x226.jpg\" \/>\n<meta name=\"twitter:card\" content=\"summary_large_image\" \/>\n<meta name=\"twitter:label1\" content=\"Timp estimat pentru citire\" \/>\n\t<meta name=\"twitter:data1\" content=\"2 minute\" \/>\n<script type=\"application\/ld+json\" class=\"yoast-schema-graph\">{\"@context\":\"https:\/\/schema.org\",\"@graph\":[{\"@type\":\"Article\",\"@id\":\"https:\/\/colegiultoplita.ro\/wp\/#article\",\"isPartOf\":{\"@id\":\"https:\/\/colegiultoplita.ro\/wp\/\"},\"author\":{\"name\":\"colegiul\",\"@id\":\"https:\/\/colegiultoplita.ro\/wp\/#\/schema\/person\/e43be825697512894b25105bdf268921\"},\"headline\":\"Acas\u0103\",\"datePublished\":\"2022-03-14T07:44:05+00:00\",\"dateModified\":\"2025-09-29T09:27:04+00:00\",\"mainEntityOfPage\":{\"@id\":\"https:\/\/colegiultoplita.ro\/wp\/\"},\"wordCount\":300,\"publisher\":{\"@id\":\"https:\/\/colegiultoplita.ro\/wp\/#organization\"},\"image\":{\"@id\":\"https:\/\/colegiultoplita.ro\/wp\/#primaryimage\"},\"thumbnailUrl\":\"https:\/\/colegiultoplita.ro\/wp\/wp-content\/uploads\/2024\/01\/poze-aparat-057-300x226.jpg\",\"inLanguage\":\"ro-RO\"},{\"@type\":[\"WebPage\",\"AboutPage\"],\"@id\":\"https:\/\/colegiultoplita.ro\/wp\/\",\"url\":\"https:\/\/colegiultoplita.ro\/wp\/\",\"name\":\"Acas\u0103 -\",\"isPartOf\":{\"@id\":\"https:\/\/colegiultoplita.ro\/wp\/#website\"},\"primaryImageOfPage\":{\"@id\":\"https:\/\/colegiultoplita.ro\/wp\/#primaryimage\"},\"image\":{\"@id\":\"https:\/\/colegiultoplita.ro\/wp\/#primaryimage\"},\"thumbnailUrl\":\"https:\/\/colegiultoplita.ro\/wp\/wp-content\/uploads\/2024\/01\/poze-aparat-057-300x226.jpg\",\"datePublished\":\"2022-03-14T07:44:05+00:00\",\"dateModified\":\"2025-09-29T09:27:04+00:00\",\"description\":\"asigur\u0103 educarea tinerilor avand invatamant liceal,profesional,postliceal sanitar\",\"breadcrumb\":{\"@id\":\"https:\/\/colegiultoplita.ro\/wp\/#breadcrumb\"},\"inLanguage\":\"ro-RO\",\"potentialAction\":[{\"@type\":\"ReadAction\",\"target\":[\"https:\/\/colegiultoplita.ro\/wp\/\"]}]},{\"@type\":\"ImageObject\",\"inLanguage\":\"ro-RO\",\"@id\":\"https:\/\/colegiultoplita.ro\/wp\/#primaryimage\",\"url\":\"https:\/\/colegiultoplita.ro\/wp\/wp-content\/uploads\/2024\/01\/poze-aparat-057-300x226.jpg\",\"contentUrl\":\"https:\/\/colegiultoplita.ro\/wp\/wp-content\/uploads\/2024\/01\/poze-aparat-057-300x226.jpg\"},{\"@type\":\"BreadcrumbList\",\"@id\":\"https:\/\/colegiultoplita.ro\/wp\/#breadcrumb\",\"itemListElement\":[{\"@type\":\"ListItem\",\"position\":1,\"name\":\"Prima pagin\u0103\",\"item\":\"https:\/\/colegiultoplita.ro\/wp\/\"},{\"@type\":\"ListItem\",\"position\":2,\"name\":\"Acas\u0103\"}]},{\"@type\":\"WebSite\",\"@id\":\"https:\/\/colegiultoplita.ro\/wp\/#website\",\"url\":\"https:\/\/colegiultoplita.ro\/wp\/\",\"name\":\"Colegiul Na\u021bional \u201dMihai Eminescu\u201d Topli\u021ba\",\"description\":\"\",\"publisher\":{\"@id\":\"https:\/\/colegiultoplita.ro\/wp\/#organization\"},\"potentialAction\":[{\"@type\":\"SearchAction\",\"target\":{\"@type\":\"EntryPoint\",\"urlTemplate\":\"https:\/\/colegiultoplita.ro\/wp\/?s={search_term_string}\"},\"query-input\":{\"@type\":\"PropertyValueSpecification\",\"valueRequired\":true,\"valueName\":\"search_term_string\"}}],\"inLanguage\":\"ro-RO\"},{\"@type\":\"Organization\",\"@id\":\"https:\/\/colegiultoplita.ro\/wp\/#organization\",\"name\":\"Colegiul Na\u021bional \u201dMihai Eminescu\u201d Topli\u021ba\",\"url\":\"https:\/\/colegiultoplita.ro\/wp\/\",\"logo\":{\"@type\":\"ImageObject\",\"inLanguage\":\"ro-RO\",\"@id\":\"https:\/\/colegiultoplita.ro\/wp\/#\/schema\/logo\/image\/\",\"url\":\"https:\/\/colegiultoplita.ro\/wp\/wp-content\/uploads\/2024\/01\/sigla-CNME-Toplita-e1704973640527.png\",\"contentUrl\":\"https:\/\/colegiultoplita.ro\/wp\/wp-content\/uploads\/2024\/01\/sigla-CNME-Toplita-e1704973640527.png\",\"width\":60,\"height\":60,\"caption\":\"Colegiul Na\u021bional \u201dMihai Eminescu\u201d Topli\u021ba\"},\"image\":{\"@id\":\"https:\/\/colegiultoplita.ro\/wp\/#\/schema\/logo\/image\/\"}},{\"@type\":\"Person\",\"@id\":\"https:\/\/colegiultoplita.ro\/wp\/#\/schema\/person\/e43be825697512894b25105bdf268921\",\"name\":\"colegiul\",\"image\":{\"@type\":\"ImageObject\",\"inLanguage\":\"ro-RO\",\"@id\":\"https:\/\/colegiultoplita.ro\/wp\/#\/schema\/person\/image\/\",\"url\":\"https:\/\/secure.gravatar.com\/avatar\/5a1a641f4c20412f2426fbfac4b8c50eee0deb3e0d8767e0860ff044fb06b3b7?s=96&d=mm&r=g\",\"contentUrl\":\"https:\/\/secure.gravatar.com\/avatar\/5a1a641f4c20412f2426fbfac4b8c50eee0deb3e0d8767e0860ff044fb06b3b7?s=96&d=mm&r=g\",\"caption\":\"colegiul\"},\"sameAs\":[\"https:\/\/colegiultoplita.ro\/wordpress\"],\"url\":\"https:\/\/colegiultoplita.ro\/wp\/?author=1\"}]}<\/script>\n<!-- \/ Yoast SEO plugin. -->","yoast_head_json":{"title":"Acas\u0103 -","description":"asigur\u0103 educarea tinerilor avand invatamant liceal,profesional,postliceal sanitar","robots":{"index":"index","follow":"follow","max-snippet":"max-snippet:-1","max-image-preview":"max-image-preview:large","max-video-preview":"max-video-preview:-1"},"canonical":"https:\/\/colegiultoplita.ro\/wp\/","og_locale":"ro_RO","og_type":"article","og_title":"Acas\u0103 -","og_description":"asigur\u0103 educarea tinerilor avand invatamant liceal,profesional,postliceal sanitar","og_url":"https:\/\/colegiultoplita.ro\/wp\/","article_modified_time":"2025-09-29T09:27:04+00:00","og_image":[{"url":"https:\/\/colegiultoplita.ro\/wp\/wp-content\/uploads\/2024\/01\/poze-aparat-057-300x226.jpg","type":"","width":"","height":""}],"twitter_card":"summary_large_image","twitter_misc":{"Timp estimat pentru citire":"2 minute"},"schema":{"@context":"https:\/\/schema.org","@graph":[{"@type":"Article","@id":"https:\/\/colegiultoplita.ro\/wp\/#article","isPartOf":{"@id":"https:\/\/colegiultoplita.ro\/wp\/"},"author":{"name":"colegiul","@id":"https:\/\/colegiultoplita.ro\/wp\/#\/schema\/person\/e43be825697512894b25105bdf268921"},"headline":"Acas\u0103","datePublished":"2022-03-14T07:44:05+00:00","dateModified":"2025-09-29T09:27:04+00:00","mainEntityOfPage":{"@id":"https:\/\/colegiultoplita.ro\/wp\/"},"wordCount":300,"publisher":{"@id":"https:\/\/colegiultoplita.ro\/wp\/#organization"},"image":{"@id":"https:\/\/colegiultoplita.ro\/wp\/#primaryimage"},"thumbnailUrl":"https:\/\/colegiultoplita.ro\/wp\/wp-content\/uploads\/2024\/01\/poze-aparat-057-300x226.jpg","inLanguage":"ro-RO"},{"@type":["WebPage","AboutPage"],"@id":"https:\/\/colegiultoplita.ro\/wp\/","url":"https:\/\/colegiultoplita.ro\/wp\/","name":"Acas\u0103 -","isPartOf":{"@id":"https:\/\/colegiultoplita.ro\/wp\/#website"},"primaryImageOfPage":{"@id":"https:\/\/colegiultoplita.ro\/wp\/#primaryimage"},"image":{"@id":"https:\/\/colegiultoplita.ro\/wp\/#primaryimage"},"thumbnailUrl":"https:\/\/colegiultoplita.ro\/wp\/wp-content\/uploads\/2024\/01\/poze-aparat-057-300x226.jpg","datePublished":"2022-03-14T07:44:05+00:00","dateModified":"2025-09-29T09:27:04+00:00","description":"asigur\u0103 educarea tinerilor avand invatamant liceal,profesional,postliceal sanitar","breadcrumb":{"@id":"https:\/\/colegiultoplita.ro\/wp\/#breadcrumb"},"inLanguage":"ro-RO","potentialAction":[{"@type":"ReadAction","target":["https:\/\/colegiultoplita.ro\/wp\/"]}]},{"@type":"ImageObject","inLanguage":"ro-RO","@id":"https:\/\/colegiultoplita.ro\/wp\/#primaryimage","url":"https:\/\/colegiultoplita.ro\/wp\/wp-content\/uploads\/2024\/01\/poze-aparat-057-300x226.jpg","contentUrl":"https:\/\/colegiultoplita.ro\/wp\/wp-content\/uploads\/2024\/01\/poze-aparat-057-300x226.jpg"},{"@type":"BreadcrumbList","@id":"https:\/\/colegiultoplita.ro\/wp\/#breadcrumb","itemListElement":[{"@type":"ListItem","position":1,"name":"Prima pagin\u0103","item":"https:\/\/colegiultoplita.ro\/wp\/"},{"@type":"ListItem","position":2,"name":"Acas\u0103"}]},{"@type":"WebSite","@id":"https:\/\/colegiultoplita.ro\/wp\/#website","url":"https:\/\/colegiultoplita.ro\/wp\/","name":"Colegiul Na\u021bional \u201dMihai Eminescu\u201d Topli\u021ba","description":"","publisher":{"@id":"https:\/\/colegiultoplita.ro\/wp\/#organization"},"potentialAction":[{"@type":"SearchAction","target":{"@type":"EntryPoint","urlTemplate":"https:\/\/colegiultoplita.ro\/wp\/?s={search_term_string}"},"query-input":{"@type":"PropertyValueSpecification","valueRequired":true,"valueName":"search_term_string"}}],"inLanguage":"ro-RO"},{"@type":"Organization","@id":"https:\/\/colegiultoplita.ro\/wp\/#organization","name":"Colegiul Na\u021bional \u201dMihai Eminescu\u201d Topli\u021ba","url":"https:\/\/colegiultoplita.ro\/wp\/","logo":{"@type":"ImageObject","inLanguage":"ro-RO","@id":"https:\/\/colegiultoplita.ro\/wp\/#\/schema\/logo\/image\/","url":"https:\/\/colegiultoplita.ro\/wp\/wp-content\/uploads\/2024\/01\/sigla-CNME-Toplita-e1704973640527.png","contentUrl":"https:\/\/colegiultoplita.ro\/wp\/wp-content\/uploads\/2024\/01\/sigla-CNME-Toplita-e1704973640527.png","width":60,"height":60,"caption":"Colegiul Na\u021bional \u201dMihai Eminescu\u201d Topli\u021ba"},"image":{"@id":"https:\/\/colegiultoplita.ro\/wp\/#\/schema\/logo\/image\/"}},{"@type":"Person","@id":"https:\/\/colegiultoplita.ro\/wp\/#\/schema\/person\/e43be825697512894b25105bdf268921","name":"colegiul","image":{"@type":"ImageObject","inLanguage":"ro-RO","@id":"https:\/\/colegiultoplita.ro\/wp\/#\/schema\/person\/image\/","url":"https:\/\/secure.gravatar.com\/avatar\/5a1a641f4c20412f2426fbfac4b8c50eee0deb3e0d8767e0860ff044fb06b3b7?s=96&d=mm&r=g","contentUrl":"https:\/\/secure.gravatar.com\/avatar\/5a1a641f4c20412f2426fbfac4b8c50eee0deb3e0d8767e0860ff044fb06b3b7?s=96&d=mm&r=g","caption":"colegiul"},"sameAs":["https:\/\/colegiultoplita.ro\/wordpress"],"url":"https:\/\/colegiultoplita.ro\/wp\/?author=1"}]}},"_links":{"self":[{"href":"https:\/\/colegiultoplita.ro\/wp\/index.php?rest_route=\/wp\/v2\/pages\/741","targetHints":{"allow":["GET"]}}],"collection":[{"href":"https:\/\/colegiultoplita.ro\/wp\/index.php?rest_route=\/wp\/v2\/pages"}],"about":[{"href":"https:\/\/colegiultoplita.ro\/wp\/index.php?rest_route=\/wp\/v2\/types\/page"}],"author":[{"embeddable":true,"href":"https:\/\/colegiultoplita.ro\/wp\/index.php?rest_route=\/wp\/v2\/users\/1"}],"replies":[{"embeddable":true,"href":"https:\/\/colegiultoplita.ro\/wp\/index.php?rest_route=%2Fwp%2Fv2%2Fcomments&post=741"}],"version-history":[{"count":4,"href":"https:\/\/colegiultoplita.ro\/wp\/index.php?rest_route=\/wp\/v2\/pages\/741\/revisions"}],"predecessor-version":[{"id":1736,"href":"https:\/\/colegiultoplita.ro\/wp\/index.php?rest_route=\/wp\/v2\/pages\/741\/revisions\/1736"}],"wp:attachment":[{"href":"https:\/\/colegiultoplita.ro\/wp\/index.php?rest_route=%2Fwp%2Fv2%2Fmedia&parent=741"}],"curies":[{"name":"wp","href":"https:\/\/api.w.org\/{rel}","templated":true}]}}