{"id":158,"date":"2021-05-18T01:55:22","date_gmt":"2021-05-18T01:55:22","guid":{"rendered":"http:\/\/colegiultoplita.ro\/wp\/contact-2\/"},"modified":"2026-02-17T09:14:41","modified_gmt":"2026-02-17T09:14:41","slug":"contact-2","status":"publish","type":"page","link":"https:\/\/colegiultoplita.ro\/wp\/?page_id=158","title":{"rendered":"Contact"},"content":{"rendered":"\t\t<div data-elementor-type=\"wp-page\" data-elementor-id=\"158\" class=\"elementor elementor-158\">\n\t\t\t\t\t\t<section class=\"elementor-section elementor-top-section elementor-element elementor-element-25e6697 elementor-section-boxed elementor-section-height-default elementor-section-height-default\" data-id=\"25e6697\" data-element_type=\"section\">\n\t\t\t\t\t\t<div class=\"elementor-container elementor-column-gap-default\">\n\t\t\t\t\t<div class=\"elementor-column elementor-col-50 elementor-top-column elementor-element elementor-element-3e8aa2b\" data-id=\"3e8aa2b\" data-element_type=\"column\">\n\t\t\t<div class=\"elementor-widget-wrap elementor-element-populated\">\n\t\t\t\t\t\t<div class=\"elementor-element elementor-element-c66763d elementor-widget__width-initial elementor-widget elementor-widget-text-editor\" data-id=\"c66763d\" data-element_type=\"widget\" data-widget_type=\"text-editor.default\">\n\t\t\t\t<div class=\"elementor-widget-container\">\n\t\t\t\t\t\t\t\t\t<h5 style=\"text-align: center;\"><span style=\"color: #000000;\"><strong>Colegiul National Mihai Eminescu<\/strong><\/span><\/h5><h5 style=\"text-align: center;\"><span style=\"color: #000000;\"><strong>str. \u0218tefan cel Mare, nr. 7<\/strong><\/span><\/h5><h5 style=\"text-align: center;\"><span style=\"color: #000000;\"><strong>\u00a0loc. Toplita, jud. Harghita<\/strong><\/span><\/h5><h5 style=\"text-align: center;\"><span style=\"color: #000000;\"><strong>\u00a0Rom\u00e2nia<\/strong><\/span><\/h5><h5 style=\"text-align: center;\"><span style=\"color: #000000;\"><strong>Tel. 0266341804\u00a0<\/strong><\/span><\/h5><h5 style=\"text-align: center;\"><span style=\"color: #000000;\">Email: eminescu.toplita@yahoo.com<\/span><\/h5><h5 style=\"text-align: center;\"><span style=\"color: #000000;\"><a style=\"color: #000000;\" href=\"https:\/\/colegiultoplita.ro\/wp\/wp-content\/uploads\/2024\/10\/Program-de-lucru-secretariat.pdf\">Program de lucru secretariat\u00a0<\/a><\/span><\/h5>\t\t\t\t\t\t\t\t<\/div>\n\t\t\t\t<\/div>\n\t\t\t\t\t<\/div>\n\t\t<\/div>\n\t\t\t\t<div class=\"elementor-column elementor-col-50 elementor-top-column elementor-element elementor-element-8a9766f\" data-id=\"8a9766f\" data-element_type=\"column\">\n\t\t\t<div class=\"elementor-widget-wrap elementor-element-populated\">\n\t\t\t\t\t\t<div class=\"elementor-element elementor-element-3661ed4 elementor-widget__width-initial elementor-widget elementor-widget-google_maps\" data-id=\"3661ed4\" data-element_type=\"widget\" data-widget_type=\"google_maps.default\">\n\t\t\t\t<div class=\"elementor-widget-container\">\n\t\t\t\t\t\t\t<div class=\"elementor-custom-embed\">\n\t\t\t<iframe loading=\"lazy\"\n\t\t\t\t\tsrc=\"https:\/\/maps.google.com\/maps?q=Colegiul%20National%20Mihai%20Eminescu%20Toplita&#038;t=m&#038;z=10&#038;output=embed&#038;iwloc=near\"\n\t\t\t\t\ttitle=\"Colegiul National Mihai Eminescu Toplita\"\n\t\t\t\t\taria-label=\"Colegiul National Mihai Eminescu Toplita\"\n\t\t\t><\/iframe>\n\t\t<\/div>\n\t\t\t\t\t\t<\/div>\n\t\t\t\t<\/div>\n\t\t\t\t\t<\/div>\n\t\t<\/div>\n\t\t\t\t\t<\/div>\n\t\t<\/section>\n\t\t<div class=\"elementor-element elementor-element-a27cfe6 e-grid e-con-boxed e-con e-parent\" data-id=\"a27cfe6\" data-element_type=\"container\">\n\t\t\t\t\t<div class=\"e-con-inner\">\n\t\t\t\t<div class=\"elementor-element elementor-element-457b113 elementor-widget elementor-widget-text-editor\" data-id=\"457b113\" data-element_type=\"widget\" data-widget_type=\"text-editor.default\">\n\t\t\t\t<div class=\"elementor-widget-container\">\n\t\t\t\t\t\t\t\t\t<p style=\"text-align: center;\"><span style=\"color: #000000;\"><strong>FORMULAR<br \/><\/strong>de sesizare anonim\u0103 a faptelor de violen\u0163\u0103 \u015fi\/sau a suspiciunilor privind consumul de substan\u0163e psihoactive (droguri) \u015fi alte abateri de la normele de bun\u0103 conduit\u0103, de c\u0103tre elevi sau personalul \u015fcolii<\/span><\/p><p style=\"text-align: left;\">\u00a0<span style=\"color: #000000;\"><strong><em><u>NOT\u0102<\/u><\/em><\/strong>:<\/span><\/p><p style=\"text-align: center;\">\u00a0\u00a0\u00a0\u00a0<span style=\"color: #000000;\">Formularul poate fi introdus \u00een cutia fizic\u0103 de sesiz\u0103ri amplasat\u0103 \u00een \u015fcoal\u0103<\/span> (<a href=\"https:\/\/colegiultoplita.ro\/wp\/wp-content\/uploads\/2026\/02\/Formular-sesizare-anonima.pdf\">descarc\u0103 formularul aici<\/a>) <span style=\"color: #000000;\">; completat online (<a href=\"https:\/\/forms.gle\/kEotMDSjUBcwPyXu8\">completeaz\u0103 aici<\/a>) sau trimis la adresa de e-mail <a href=\"mailto:sesizari@colegiultoplita.ro\">sesizari@colegiultoplita.ro<\/a><\/span><\/p>\t\t\t\t\t\t\t\t<\/div>\n\t\t\t\t<\/div>\n\t\t\t\t\t<\/div>\n\t\t\t\t<\/div>\n\t\t\t\t<\/div>\n\t\t","protected":false},"excerpt":{"rendered":"<p>Colegiul National Mihai Eminescu str. \u0218tefan cel Mare, nr. 7 \u00a0loc. Toplita, jud. Harghita \u00a0Rom\u00e2nia Tel. 0266341804\u00a0 Email: eminescu.toplita@yahoo.com Program de lucru secretariat\u00a0 FORMULARde sesizare anonim\u0103 a faptelor de violen\u0163\u0103 \u015fi\/sau a suspiciunilor privind consumul de substan\u0163e psihoactive (droguri) \u015fi alte abateri de la normele de bun\u0103 conduit\u0103, de c\u0103tre elevi sau personalul \u015fcolii \u00a0NOT\u0102: [&hellip;]<\/p>\n","protected":false},"author":1,"featured_media":1318,"parent":0,"menu_order":0,"comment_status":"closed","ping_status":"closed","template":"","meta":{"site-sidebar-layout":"no-sidebar","site-content-layout":"page-builder","ast-site-content-layout":"","site-content-style":"default","site-sidebar-style":"default","ast-global-header-display":"","ast-banner-title-visibility":"","ast-main-header-display":"","ast-hfb-above-header-display":"","ast-hfb-below-header-display":"","ast-hfb-mobile-header-display":"","site-post-title":"disabled","ast-breadcrumbs-content":"disabled","ast-featured-img":"disabled","footer-sml-layout":"","theme-transparent-header-meta":"default","adv-header-id-meta":"","stick-header-meta":"","header-above-stick-meta":"","header-main-stick-meta":"","header-below-stick-meta":"","astra-migrate-meta-layouts":"default","ast-page-background-enabled":"default","ast-page-background-meta":{"desktop":{"background-color":"var(--ast-global-color-4)","background-image":"","background-repeat":"repeat","background-position":"center center","background-size":"auto","background-attachment":"scroll","background-type":"","background-media":"","overlay-type":"","overlay-color":"","overlay-gradient":""},"tablet":{"background-color":"","background-image":"","background-repeat":"repeat","background-position":"center center","background-size":"auto","background-attachment":"scroll","background-type":"","background-media":"","overlay-type":"","overlay-color":"","overlay-gradient":""},"mobile":{"background-color":"","background-image":"","background-repeat":"repeat","background-position":"center center","background-size":"auto","background-attachment":"scroll","background-type":"","background-media":"","overlay-type":"","overlay-color":"","overlay-gradient":""}},"ast-content-background-meta":{"desktop":{"background-color":"var(--ast-global-color-5)","background-image":"","background-repeat":"repeat","background-position":"center center","background-size":"auto","background-attachment":"scroll","background-type":"","background-media":"","overlay-type":"","overlay-color":"","overlay-gradient":""},"tablet":{"background-color":"var(--ast-global-color-5)","background-image":"","background-repeat":"repeat","background-position":"center center","background-size":"auto","background-attachment":"scroll","background-type":"","background-media":"","overlay-type":"","overlay-color":"","overlay-gradient":""},"mobile":{"background-color":"var(--ast-global-color-5)","background-image":"","background-repeat":"repeat","background-position":"center center","background-size":"auto","background-attachment":"scroll","background-type":"","background-media":"","overlay-type":"","overlay-color":"","overlay-gradient":""}},"footnotes":""},"class_list":["post-158","page","type-page","status-publish","has-post-thumbnail","hentry"],"yoast_head":"<!-- This site is optimized with the Yoast SEO plugin v26.7 - https:\/\/yoast.com\/wordpress\/plugins\/seo\/ -->\n<title>date contact Colegiul National Mihai Eminescu Toplita<\/title>\n<meta name=\"robots\" content=\"index, follow, max-snippet:-1, max-image-preview:large, max-video-preview:-1\" \/>\n<link rel=\"canonical\" href=\"https:\/\/colegiultoplita.ro\/wp\/?page_id=158\" \/>\n<meta property=\"og:locale\" content=\"ro_RO\" \/>\n<meta property=\"og:type\" content=\"article\" \/>\n<meta property=\"og:title\" content=\"date contact Colegiul National Mihai Eminescu Toplita\" \/>\n<meta property=\"og:description\" content=\"Colegiul National Mihai Eminescu str. \u0218tefan cel Mare, nr. 7 \u00a0loc. Toplita, jud. Harghita \u00a0Rom\u00e2nia Tel. 0266341804\u00a0 Email: eminescu.toplita@yahoo.com Program de lucru secretariat\u00a0 FORMULARde sesizare anonim\u0103 a faptelor de violen\u0163\u0103 \u015fi\/sau a suspiciunilor privind consumul de substan\u0163e psihoactive (droguri) \u015fi alte abateri de la normele de bun\u0103 conduit\u0103, de c\u0103tre elevi sau personalul \u015fcolii \u00a0NOT\u0102: [&hellip;]\" \/>\n<meta property=\"og:url\" content=\"https:\/\/colegiultoplita.ro\/wp\/?page_id=158\" \/>\n<meta property=\"article:modified_time\" content=\"2026-02-17T09:14:41+00:00\" \/>\n<meta property=\"og:image\" content=\"https:\/\/colegiultoplita.ro\/wp\/wp-content\/uploads\/2024\/01\/poze-no-016-scaled.jpg\" \/>\n\t<meta property=\"og:image:width\" content=\"2560\" \/>\n\t<meta property=\"og:image:height\" content=\"1276\" \/>\n\t<meta property=\"og:image:type\" content=\"image\/jpeg\" \/>\n<meta name=\"twitter:card\" content=\"summary_large_image\" \/>\n<meta name=\"twitter:label1\" content=\"Timp estimat pentru citire\" \/>\n\t<meta name=\"twitter:data1\" content=\"1 minut\" \/>\n<script type=\"application\/ld+json\" class=\"yoast-schema-graph\">{\"@context\":\"https:\/\/schema.org\",\"@graph\":[{\"@type\":\"WebPage\",\"@id\":\"https:\/\/colegiultoplita.ro\/wp\/?page_id=158\",\"url\":\"https:\/\/colegiultoplita.ro\/wp\/?page_id=158\",\"name\":\"date contact Colegiul National Mihai Eminescu Toplita\",\"isPartOf\":{\"@id\":\"https:\/\/colegiultoplita.ro\/wp\/#website\"},\"primaryImageOfPage\":{\"@id\":\"https:\/\/colegiultoplita.ro\/wp\/?page_id=158#primaryimage\"},\"image\":{\"@id\":\"https:\/\/colegiultoplita.ro\/wp\/?page_id=158#primaryimage\"},\"thumbnailUrl\":\"https:\/\/colegiultoplita.ro\/wp\/wp-content\/uploads\/2024\/01\/poze-no-016-scaled.jpg\",\"datePublished\":\"2021-05-18T01:55:22+00:00\",\"dateModified\":\"2026-02-17T09:14:41+00:00\",\"breadcrumb\":{\"@id\":\"https:\/\/colegiultoplita.ro\/wp\/?page_id=158#breadcrumb\"},\"inLanguage\":\"ro-RO\",\"potentialAction\":[{\"@type\":\"ReadAction\",\"target\":[\"https:\/\/colegiultoplita.ro\/wp\/?page_id=158\"]}]},{\"@type\":\"ImageObject\",\"inLanguage\":\"ro-RO\",\"@id\":\"https:\/\/colegiultoplita.ro\/wp\/?page_id=158#primaryimage\",\"url\":\"https:\/\/colegiultoplita.ro\/wp\/wp-content\/uploads\/2024\/01\/poze-no-016-scaled.jpg\",\"contentUrl\":\"https:\/\/colegiultoplita.ro\/wp\/wp-content\/uploads\/2024\/01\/poze-no-016-scaled.jpg\",\"width\":2560,\"height\":1276,\"caption\":\"Colegiul Na\u021bional \u201dMihai Eminescu\u201d Topli\u021ba\"},{\"@type\":\"BreadcrumbList\",\"@id\":\"https:\/\/colegiultoplita.ro\/wp\/?page_id=158#breadcrumb\",\"itemListElement\":[{\"@type\":\"ListItem\",\"position\":1,\"name\":\"Prima pagin\u0103\",\"item\":\"https:\/\/colegiultoplita.ro\/wp\/\"},{\"@type\":\"ListItem\",\"position\":2,\"name\":\"Contact\"}]},{\"@type\":\"WebSite\",\"@id\":\"https:\/\/colegiultoplita.ro\/wp\/#website\",\"url\":\"https:\/\/colegiultoplita.ro\/wp\/\",\"name\":\"Colegiul Na\u021bional \u201dMihai Eminescu\u201d Topli\u021ba\",\"description\":\"\",\"publisher\":{\"@id\":\"https:\/\/colegiultoplita.ro\/wp\/#organization\"},\"potentialAction\":[{\"@type\":\"SearchAction\",\"target\":{\"@type\":\"EntryPoint\",\"urlTemplate\":\"https:\/\/colegiultoplita.ro\/wp\/?s={search_term_string}\"},\"query-input\":{\"@type\":\"PropertyValueSpecification\",\"valueRequired\":true,\"valueName\":\"search_term_string\"}}],\"inLanguage\":\"ro-RO\"},{\"@type\":\"Organization\",\"@id\":\"https:\/\/colegiultoplita.ro\/wp\/#organization\",\"name\":\"Colegiul Na\u021bional \u201dMihai Eminescu\u201d Topli\u021ba\",\"url\":\"https:\/\/colegiultoplita.ro\/wp\/\",\"logo\":{\"@type\":\"ImageObject\",\"inLanguage\":\"ro-RO\",\"@id\":\"https:\/\/colegiultoplita.ro\/wp\/#\/schema\/logo\/image\/\",\"url\":\"https:\/\/colegiultoplita.ro\/wp\/wp-content\/uploads\/2024\/01\/sigla-CNME-Toplita-e1704973640527.png\",\"contentUrl\":\"https:\/\/colegiultoplita.ro\/wp\/wp-content\/uploads\/2024\/01\/sigla-CNME-Toplita-e1704973640527.png\",\"width\":60,\"height\":60,\"caption\":\"Colegiul Na\u021bional \u201dMihai Eminescu\u201d Topli\u021ba\"},\"image\":{\"@id\":\"https:\/\/colegiultoplita.ro\/wp\/#\/schema\/logo\/image\/\"}}]}<\/script>\n<!-- \/ Yoast SEO plugin. -->","yoast_head_json":{"title":"date contact Colegiul National Mihai Eminescu Toplita","robots":{"index":"index","follow":"follow","max-snippet":"max-snippet:-1","max-image-preview":"max-image-preview:large","max-video-preview":"max-video-preview:-1"},"canonical":"https:\/\/colegiultoplita.ro\/wp\/?page_id=158","og_locale":"ro_RO","og_type":"article","og_title":"date contact Colegiul National Mihai Eminescu Toplita","og_description":"Colegiul National Mihai Eminescu str. \u0218tefan cel Mare, nr. 7 \u00a0loc. Toplita, jud. Harghita \u00a0Rom\u00e2nia Tel. 0266341804\u00a0 Email: eminescu.toplita@yahoo.com Program de lucru secretariat\u00a0 FORMULARde sesizare anonim\u0103 a faptelor de violen\u0163\u0103 \u015fi\/sau a suspiciunilor privind consumul de substan\u0163e psihoactive (droguri) \u015fi alte abateri de la normele de bun\u0103 conduit\u0103, de c\u0103tre elevi sau personalul \u015fcolii \u00a0NOT\u0102: [&hellip;]","og_url":"https:\/\/colegiultoplita.ro\/wp\/?page_id=158","article_modified_time":"2026-02-17T09:14:41+00:00","og_image":[{"width":2560,"height":1276,"url":"https:\/\/colegiultoplita.ro\/wp\/wp-content\/uploads\/2024\/01\/poze-no-016-scaled.jpg","type":"image\/jpeg"}],"twitter_card":"summary_large_image","twitter_misc":{"Timp estimat pentru citire":"1 minut"},"schema":{"@context":"https:\/\/schema.org","@graph":[{"@type":"WebPage","@id":"https:\/\/colegiultoplita.ro\/wp\/?page_id=158","url":"https:\/\/colegiultoplita.ro\/wp\/?page_id=158","name":"date contact Colegiul National Mihai Eminescu Toplita","isPartOf":{"@id":"https:\/\/colegiultoplita.ro\/wp\/#website"},"primaryImageOfPage":{"@id":"https:\/\/colegiultoplita.ro\/wp\/?page_id=158#primaryimage"},"image":{"@id":"https:\/\/colegiultoplita.ro\/wp\/?page_id=158#primaryimage"},"thumbnailUrl":"https:\/\/colegiultoplita.ro\/wp\/wp-content\/uploads\/2024\/01\/poze-no-016-scaled.jpg","datePublished":"2021-05-18T01:55:22+00:00","dateModified":"2026-02-17T09:14:41+00:00","breadcrumb":{"@id":"https:\/\/colegiultoplita.ro\/wp\/?page_id=158#breadcrumb"},"inLanguage":"ro-RO","potentialAction":[{"@type":"ReadAction","target":["https:\/\/colegiultoplita.ro\/wp\/?page_id=158"]}]},{"@type":"ImageObject","inLanguage":"ro-RO","@id":"https:\/\/colegiultoplita.ro\/wp\/?page_id=158#primaryimage","url":"https:\/\/colegiultoplita.ro\/wp\/wp-content\/uploads\/2024\/01\/poze-no-016-scaled.jpg","contentUrl":"https:\/\/colegiultoplita.ro\/wp\/wp-content\/uploads\/2024\/01\/poze-no-016-scaled.jpg","width":2560,"height":1276,"caption":"Colegiul Na\u021bional \u201dMihai Eminescu\u201d Topli\u021ba"},{"@type":"BreadcrumbList","@id":"https:\/\/colegiultoplita.ro\/wp\/?page_id=158#breadcrumb","itemListElement":[{"@type":"ListItem","position":1,"name":"Prima pagin\u0103","item":"https:\/\/colegiultoplita.ro\/wp\/"},{"@type":"ListItem","position":2,"name":"Contact"}]},{"@type":"WebSite","@id":"https:\/\/colegiultoplita.ro\/wp\/#website","url":"https:\/\/colegiultoplita.ro\/wp\/","name":"Colegiul Na\u021bional \u201dMihai Eminescu\u201d Topli\u021ba","description":"","publisher":{"@id":"https:\/\/colegiultoplita.ro\/wp\/#organization"},"potentialAction":[{"@type":"SearchAction","target":{"@type":"EntryPoint","urlTemplate":"https:\/\/colegiultoplita.ro\/wp\/?s={search_term_string}"},"query-input":{"@type":"PropertyValueSpecification","valueRequired":true,"valueName":"search_term_string"}}],"inLanguage":"ro-RO"},{"@type":"Organization","@id":"https:\/\/colegiultoplita.ro\/wp\/#organization","name":"Colegiul Na\u021bional \u201dMihai Eminescu\u201d Topli\u021ba","url":"https:\/\/colegiultoplita.ro\/wp\/","logo":{"@type":"ImageObject","inLanguage":"ro-RO","@id":"https:\/\/colegiultoplita.ro\/wp\/#\/schema\/logo\/image\/","url":"https:\/\/colegiultoplita.ro\/wp\/wp-content\/uploads\/2024\/01\/sigla-CNME-Toplita-e1704973640527.png","contentUrl":"https:\/\/colegiultoplita.ro\/wp\/wp-content\/uploads\/2024\/01\/sigla-CNME-Toplita-e1704973640527.png","width":60,"height":60,"caption":"Colegiul Na\u021bional \u201dMihai Eminescu\u201d Topli\u021ba"},"image":{"@id":"https:\/\/colegiultoplita.ro\/wp\/#\/schema\/logo\/image\/"}}]}},"_links":{"self":[{"href":"https:\/\/colegiultoplita.ro\/wp\/index.php?rest_route=\/wp\/v2\/pages\/158","targetHints":{"allow":["GET"]}}],"collection":[{"href":"https:\/\/colegiultoplita.ro\/wp\/index.php?rest_route=\/wp\/v2\/pages"}],"about":[{"href":"https:\/\/colegiultoplita.ro\/wp\/index.php?rest_route=\/wp\/v2\/types\/page"}],"author":[{"embeddable":true,"href":"https:\/\/colegiultoplita.ro\/wp\/index.php?rest_route=\/wp\/v2\/users\/1"}],"replies":[{"embeddable":true,"href":"https:\/\/colegiultoplita.ro\/wp\/index.php?rest_route=%2Fwp%2Fv2%2Fcomments&post=158"}],"version-history":[{"count":96,"href":"https:\/\/colegiultoplita.ro\/wp\/index.php?rest_route=\/wp\/v2\/pages\/158\/revisions"}],"predecessor-version":[{"id":1861,"href":"https:\/\/colegiultoplita.ro\/wp\/index.php?rest_route=\/wp\/v2\/pages\/158\/revisions\/1861"}],"wp:featuredmedia":[{"embeddable":true,"href":"https:\/\/colegiultoplita.ro\/wp\/index.php?rest_route=\/wp\/v2\/media\/1318"}],"wp:attachment":[{"href":"https:\/\/colegiultoplita.ro\/wp\/index.php?rest_route=%2Fwp%2Fv2%2Fmedia&parent=158"}],"curies":[{"name":"wp","href":"https:\/\/api.w.org\/{rel}","templated":true}]}}