{"id":1011,"date":"2023-10-10T08:09:28","date_gmt":"2023-10-10T08:09:28","guid":{"rendered":"https:\/\/colegiultoplita.ro\/wp\/?page_id=1011"},"modified":"2024-01-31T09:16:10","modified_gmt":"2024-01-31T09:16:10","slug":"consiliul-elevilor","status":"publish","type":"page","link":"https:\/\/colegiultoplita.ro\/wp\/?page_id=1011","title":{"rendered":"Consiliul elevilor"},"content":{"rendered":"\t\t<div data-elementor-type=\"wp-page\" data-elementor-id=\"1011\" class=\"elementor elementor-1011\">\n\t\t\t\t<div class=\"elementor-element elementor-element-5d83984 e-flex e-con-boxed e-con e-parent\" data-id=\"5d83984\" data-element_type=\"container\">\n\t\t\t\t\t<div class=\"e-con-inner\">\n\t\t\t\t<div class=\"elementor-element elementor-element-958b1c8 elementor-widget elementor-widget-text-editor\" data-id=\"958b1c8\" data-element_type=\"widget\" data-widget_type=\"text-editor.default\">\n\t\t\t\t<div class=\"elementor-widget-container\">\n\t\t\t\t\t\t\t\t\t<p><span style=\"color: #000000;\"><strong>Consiliul \u0218colar al Elevilor (C\u0218E) <\/strong><\/span><\/p><p><span style=\"color: #000000;\"><strong>\u00a0\u00a0\u00a0\u00a0\u00a0\u00a0\u00a0\u00a0\u00a0\u00a0\u00a0 Consiliul \u0218colar al Elevilor este structura consultativ\u0103 \u0219i partener al unit\u0103\u021bii de \u00eenv\u0103\u021b\u0103m\u00e2nt \u0219i reprezint\u0103 interesele elevilor.<\/strong><\/span><\/p><p><span style=\"color: #000000;\"><strong>\u00a0\u00a0\u00a0\u00a0\u00a0\u00a0\u00a0\u00a0\u00a0\u00a0\u00a0 Consiliul elevilor are urm\u0103toarele atribu\u0163ii:\u00a0<\/strong><\/span><\/p><p><span style=\"color: #000000;\"><strong>a) reprezint\u0103 interesele elevilor \u015fi transmite consiliului de administra\u0163ie, directorului \u015fi consiliului profesoral punctul de vedere al elevilor referitor la problemele de interes pentru ace\u015ftia;\u00a0 <\/strong><\/span><\/p><p><span style=\"color: #000000;\"><strong>b) ap\u0103r\u0103 drepturile elevilor la nivelul unit\u0103\u0163ii de \u00eenv\u0103\u0163\u0103m\u00e2nt \u015fi sesizeaz\u0103 \u00eenc\u0103lcarea lor;\u00a0 <\/strong><\/span><\/p><p><span style=\"color: #000000;\"><strong>c) se autosesizeaz\u0103 cu privire la problemele cu care se confrunt\u0103 elevii, inform\u00e2nd conducerea unit\u0103\u0163ii de \u00eenv\u0103\u0163\u0103m\u00e2nt despre acestea \u015fi propun\u00e2nd solu\u0163ii;\u00a0 <\/strong><\/span><\/p><p><span style=\"color: #000000;\"><strong>d) sprijin\u0103 comunicarea \u00eentre elevi \u015fi cadre didactice;\u00a0 <\/strong><\/span><\/p><p><span style=\"color: #000000;\"><strong>e) dezbate propunerile elevilor din \u015fcoal\u0103 \u015fi elaboreaz\u0103 proiecte;\u00a0 <\/strong><\/span><\/p><p><span style=\"color: #000000;\"><strong>f) poate ini\u0163ia activit\u0103\u0163i extra\u015fcolare, serb\u0103ri, evenimente culturale, concursuri, excursii;\u00a0 <\/strong><\/span><\/p><p><span style=\"color: #000000;\"><strong>g) poate organiza ac\u0163iuni de str\u00e2ngere de fonduri pentru copiii cu nevoi speciale, pe probleme de mediu \u015fi altele asemenea;\u00a0 <\/strong><\/span><\/p><p><span style=\"color: #000000;\"><strong>h) sprijin\u0103 proiectele \u015fi programele educative \u00een care este implicat\u0103 unitatea de \u00eenv\u0103\u0163\u0103m\u00e2nt;\u00a0 <\/strong><\/span><\/p><p><span style=\"color: #000000;\"><strong>i) propune modalit\u0103\u0163i pentru a motiva elevii s\u0103 se implice \u00een activit\u0103\u0163i extra\u015fcolare;\u00a0 <\/strong><\/span><\/p><p><span style=\"color: #000000;\"><strong>j) dezbate proiectul Regulamentului de organizare \u015fi func\u0163ionare al unit\u0103\u0163ii de \u00eenv\u0103\u0163\u0103m\u00e2nt;\u00a0 <\/strong><\/span><\/p><p><span style=\"color: #000000;\"><strong>k) se implic\u0103 \u00een asigurarea respect\u0103rii Regulamentului de organizare \u015fi func\u0163ionare al unit\u0103\u0163ii de \u00eenv\u0103\u0163\u0103m\u00e2nt;\u00a0 <\/strong><\/span><\/p><p><span style=\"color: #000000;\"><strong>\u00a0\u00a0\u00a0l) organizeaz\u0103 alegeri pentru func\u0163iile de pre\u015fedinte, vicepre\u015fedinte, secretar, la termen sau \u00een cazul \u00een care ace\u015ftia nu \u00ee\u015fi \u00eendeplinesc atribu\u0163iile. <\/strong><\/span><\/p>\t\t\t\t\t\t\t\t<\/div>\n\t\t\t\t<\/div>\n\t\t\t\t\t<\/div>\n\t\t\t\t<\/div>\n\t\t\t\t<\/div>\n\t\t","protected":false},"excerpt":{"rendered":"<p>Consiliul \u0218colar al Elevilor (C\u0218E) \u00a0\u00a0\u00a0\u00a0\u00a0\u00a0\u00a0\u00a0\u00a0\u00a0\u00a0 Consiliul \u0218colar al Elevilor este structura consultativ\u0103 \u0219i partener al unit\u0103\u021bii de \u00eenv\u0103\u021b\u0103m\u00e2nt \u0219i reprezint\u0103 interesele elevilor. \u00a0\u00a0\u00a0\u00a0\u00a0\u00a0\u00a0\u00a0\u00a0\u00a0\u00a0 Consiliul elevilor are urm\u0103toarele atribu\u0163ii:\u00a0 a) reprezint\u0103 interesele elevilor \u015fi transmite consiliului de administra\u0163ie, directorului \u015fi consiliului profesoral punctul de vedere al elevilor referitor la problemele de interes pentru ace\u015ftia;\u00a0 b) [&hellip;]<\/p>\n","protected":false},"author":1,"featured_media":0,"parent":0,"menu_order":0,"comment_status":"closed","ping_status":"closed","template":"","meta":{"site-sidebar-layout":"no-sidebar","site-content-layout":"page-builder","ast-site-content-layout":"full-width-container","site-content-style":"default","site-sidebar-style":"default","ast-global-header-display":"","ast-banner-title-visibility":"","ast-main-header-display":"","ast-hfb-above-header-display":"","ast-hfb-below-header-display":"","ast-hfb-mobile-header-display":"","site-post-title":"disabled","ast-breadcrumbs-content":"","ast-featured-img":"disabled","footer-sml-layout":"","theme-transparent-header-meta":"","adv-header-id-meta":"","stick-header-meta":"","header-above-stick-meta":"","header-main-stick-meta":"","header-below-stick-meta":"","astra-migrate-meta-layouts":"default","ast-page-background-enabled":"default","ast-page-background-meta":{"desktop":{"background-color":"var(--ast-global-color-4)","background-image":"","background-repeat":"repeat","background-position":"center center","background-size":"auto","background-attachment":"scroll","background-type":"","background-media":"","overlay-type":"","overlay-color":"","overlay-gradient":""},"tablet":{"background-color":"","background-image":"","background-repeat":"repeat","background-position":"center center","background-size":"auto","background-attachment":"scroll","background-type":"","background-media":"","overlay-type":"","overlay-color":"","overlay-gradient":""},"mobile":{"background-color":"","background-image":"","background-repeat":"repeat","background-position":"center center","background-size":"auto","background-attachment":"scroll","background-type":"","background-media":"","overlay-type":"","overlay-color":"","overlay-gradient":""}},"ast-content-background-meta":{"desktop":{"background-color":"var(--ast-global-color-5)","background-image":"","background-repeat":"repeat","background-position":"center center","background-size":"auto","background-attachment":"scroll","background-type":"","background-media":"","overlay-type":"","overlay-color":"","overlay-gradient":""},"tablet":{"background-color":"var(--ast-global-color-5)","background-image":"","background-repeat":"repeat","background-position":"center center","background-size":"auto","background-attachment":"scroll","background-type":"","background-media":"","overlay-type":"","overlay-color":"","overlay-gradient":""},"mobile":{"background-color":"var(--ast-global-color-5)","background-image":"","background-repeat":"repeat","background-position":"center center","background-size":"auto","background-attachment":"scroll","background-type":"","background-media":"","overlay-type":"","overlay-color":"","overlay-gradient":""}},"footnotes":""},"class_list":["post-1011","page","type-page","status-publish","hentry"],"yoast_head":"<!-- This site is optimized with the Yoast SEO plugin v26.7 - https:\/\/yoast.com\/wordpress\/plugins\/seo\/ -->\n<title>Consiliul Elevilor CNME Toplita<\/title>\n<meta name=\"robots\" content=\"index, follow, max-snippet:-1, max-image-preview:large, max-video-preview:-1\" \/>\n<link rel=\"canonical\" href=\"https:\/\/colegiultoplita.ro\/wp\/?page_id=1011\" \/>\n<meta property=\"og:locale\" content=\"ro_RO\" \/>\n<meta property=\"og:type\" content=\"article\" \/>\n<meta property=\"og:title\" content=\"Consiliul Elevilor CNME Toplita\" \/>\n<meta property=\"og:description\" content=\"Consiliul \u0218colar al Elevilor (C\u0218E) \u00a0\u00a0\u00a0\u00a0\u00a0\u00a0\u00a0\u00a0\u00a0\u00a0\u00a0 Consiliul \u0218colar al Elevilor este structura consultativ\u0103 \u0219i partener al unit\u0103\u021bii de \u00eenv\u0103\u021b\u0103m\u00e2nt \u0219i reprezint\u0103 interesele elevilor. \u00a0\u00a0\u00a0\u00a0\u00a0\u00a0\u00a0\u00a0\u00a0\u00a0\u00a0 Consiliul elevilor are urm\u0103toarele atribu\u0163ii:\u00a0 a) reprezint\u0103 interesele elevilor \u015fi transmite consiliului de administra\u0163ie, directorului \u015fi consiliului profesoral punctul de vedere al elevilor referitor la problemele de interes pentru ace\u015ftia;\u00a0 b) [&hellip;]\" \/>\n<meta property=\"og:url\" content=\"https:\/\/colegiultoplita.ro\/wp\/?page_id=1011\" \/>\n<meta property=\"article:modified_time\" content=\"2024-01-31T09:16:10+00:00\" \/>\n<meta name=\"twitter:card\" content=\"summary_large_image\" \/>\n<meta name=\"twitter:label1\" content=\"Timp estimat pentru citire\" \/>\n\t<meta name=\"twitter:data1\" content=\"2 minute\" \/>\n<script type=\"application\/ld+json\" class=\"yoast-schema-graph\">{\"@context\":\"https:\/\/schema.org\",\"@graph\":[{\"@type\":\"WebPage\",\"@id\":\"https:\/\/colegiultoplita.ro\/wp\/?page_id=1011\",\"url\":\"https:\/\/colegiultoplita.ro\/wp\/?page_id=1011\",\"name\":\"Consiliul Elevilor CNME Toplita\",\"isPartOf\":{\"@id\":\"https:\/\/colegiultoplita.ro\/wp\/#website\"},\"datePublished\":\"2023-10-10T08:09:28+00:00\",\"dateModified\":\"2024-01-31T09:16:10+00:00\",\"breadcrumb\":{\"@id\":\"https:\/\/colegiultoplita.ro\/wp\/?page_id=1011#breadcrumb\"},\"inLanguage\":\"ro-RO\",\"potentialAction\":[{\"@type\":\"ReadAction\",\"target\":[\"https:\/\/colegiultoplita.ro\/wp\/?page_id=1011\"]}]},{\"@type\":\"BreadcrumbList\",\"@id\":\"https:\/\/colegiultoplita.ro\/wp\/?page_id=1011#breadcrumb\",\"itemListElement\":[{\"@type\":\"ListItem\",\"position\":1,\"name\":\"Prima pagin\u0103\",\"item\":\"https:\/\/colegiultoplita.ro\/wp\/\"},{\"@type\":\"ListItem\",\"position\":2,\"name\":\"Consiliul elevilor\"}]},{\"@type\":\"WebSite\",\"@id\":\"https:\/\/colegiultoplita.ro\/wp\/#website\",\"url\":\"https:\/\/colegiultoplita.ro\/wp\/\",\"name\":\"Colegiul Na\u021bional \u201dMihai Eminescu\u201d Topli\u021ba\",\"description\":\"\",\"publisher\":{\"@id\":\"https:\/\/colegiultoplita.ro\/wp\/#organization\"},\"potentialAction\":[{\"@type\":\"SearchAction\",\"target\":{\"@type\":\"EntryPoint\",\"urlTemplate\":\"https:\/\/colegiultoplita.ro\/wp\/?s={search_term_string}\"},\"query-input\":{\"@type\":\"PropertyValueSpecification\",\"valueRequired\":true,\"valueName\":\"search_term_string\"}}],\"inLanguage\":\"ro-RO\"},{\"@type\":\"Organization\",\"@id\":\"https:\/\/colegiultoplita.ro\/wp\/#organization\",\"name\":\"Colegiul Na\u021bional \u201dMihai Eminescu\u201d Topli\u021ba\",\"url\":\"https:\/\/colegiultoplita.ro\/wp\/\",\"logo\":{\"@type\":\"ImageObject\",\"inLanguage\":\"ro-RO\",\"@id\":\"https:\/\/colegiultoplita.ro\/wp\/#\/schema\/logo\/image\/\",\"url\":\"https:\/\/colegiultoplita.ro\/wp\/wp-content\/uploads\/2024\/01\/sigla-CNME-Toplita-e1704973640527.png\",\"contentUrl\":\"https:\/\/colegiultoplita.ro\/wp\/wp-content\/uploads\/2024\/01\/sigla-CNME-Toplita-e1704973640527.png\",\"width\":60,\"height\":60,\"caption\":\"Colegiul Na\u021bional \u201dMihai Eminescu\u201d Topli\u021ba\"},\"image\":{\"@id\":\"https:\/\/colegiultoplita.ro\/wp\/#\/schema\/logo\/image\/\"}}]}<\/script>\n<!-- \/ Yoast SEO plugin. -->","yoast_head_json":{"title":"Consiliul Elevilor CNME Toplita","robots":{"index":"index","follow":"follow","max-snippet":"max-snippet:-1","max-image-preview":"max-image-preview:large","max-video-preview":"max-video-preview:-1"},"canonical":"https:\/\/colegiultoplita.ro\/wp\/?page_id=1011","og_locale":"ro_RO","og_type":"article","og_title":"Consiliul Elevilor CNME Toplita","og_description":"Consiliul \u0218colar al Elevilor (C\u0218E) \u00a0\u00a0\u00a0\u00a0\u00a0\u00a0\u00a0\u00a0\u00a0\u00a0\u00a0 Consiliul \u0218colar al Elevilor este structura consultativ\u0103 \u0219i partener al unit\u0103\u021bii de \u00eenv\u0103\u021b\u0103m\u00e2nt \u0219i reprezint\u0103 interesele elevilor. \u00a0\u00a0\u00a0\u00a0\u00a0\u00a0\u00a0\u00a0\u00a0\u00a0\u00a0 Consiliul elevilor are urm\u0103toarele atribu\u0163ii:\u00a0 a) reprezint\u0103 interesele elevilor \u015fi transmite consiliului de administra\u0163ie, directorului \u015fi consiliului profesoral punctul de vedere al elevilor referitor la problemele de interes pentru ace\u015ftia;\u00a0 b) [&hellip;]","og_url":"https:\/\/colegiultoplita.ro\/wp\/?page_id=1011","article_modified_time":"2024-01-31T09:16:10+00:00","twitter_card":"summary_large_image","twitter_misc":{"Timp estimat pentru citire":"2 minute"},"schema":{"@context":"https:\/\/schema.org","@graph":[{"@type":"WebPage","@id":"https:\/\/colegiultoplita.ro\/wp\/?page_id=1011","url":"https:\/\/colegiultoplita.ro\/wp\/?page_id=1011","name":"Consiliul Elevilor CNME Toplita","isPartOf":{"@id":"https:\/\/colegiultoplita.ro\/wp\/#website"},"datePublished":"2023-10-10T08:09:28+00:00","dateModified":"2024-01-31T09:16:10+00:00","breadcrumb":{"@id":"https:\/\/colegiultoplita.ro\/wp\/?page_id=1011#breadcrumb"},"inLanguage":"ro-RO","potentialAction":[{"@type":"ReadAction","target":["https:\/\/colegiultoplita.ro\/wp\/?page_id=1011"]}]},{"@type":"BreadcrumbList","@id":"https:\/\/colegiultoplita.ro\/wp\/?page_id=1011#breadcrumb","itemListElement":[{"@type":"ListItem","position":1,"name":"Prima pagin\u0103","item":"https:\/\/colegiultoplita.ro\/wp\/"},{"@type":"ListItem","position":2,"name":"Consiliul elevilor"}]},{"@type":"WebSite","@id":"https:\/\/colegiultoplita.ro\/wp\/#website","url":"https:\/\/colegiultoplita.ro\/wp\/","name":"Colegiul Na\u021bional \u201dMihai Eminescu\u201d Topli\u021ba","description":"","publisher":{"@id":"https:\/\/colegiultoplita.ro\/wp\/#organization"},"potentialAction":[{"@type":"SearchAction","target":{"@type":"EntryPoint","urlTemplate":"https:\/\/colegiultoplita.ro\/wp\/?s={search_term_string}"},"query-input":{"@type":"PropertyValueSpecification","valueRequired":true,"valueName":"search_term_string"}}],"inLanguage":"ro-RO"},{"@type":"Organization","@id":"https:\/\/colegiultoplita.ro\/wp\/#organization","name":"Colegiul Na\u021bional \u201dMihai Eminescu\u201d Topli\u021ba","url":"https:\/\/colegiultoplita.ro\/wp\/","logo":{"@type":"ImageObject","inLanguage":"ro-RO","@id":"https:\/\/colegiultoplita.ro\/wp\/#\/schema\/logo\/image\/","url":"https:\/\/colegiultoplita.ro\/wp\/wp-content\/uploads\/2024\/01\/sigla-CNME-Toplita-e1704973640527.png","contentUrl":"https:\/\/colegiultoplita.ro\/wp\/wp-content\/uploads\/2024\/01\/sigla-CNME-Toplita-e1704973640527.png","width":60,"height":60,"caption":"Colegiul Na\u021bional \u201dMihai Eminescu\u201d Topli\u021ba"},"image":{"@id":"https:\/\/colegiultoplita.ro\/wp\/#\/schema\/logo\/image\/"}}]}},"_links":{"self":[{"href":"https:\/\/colegiultoplita.ro\/wp\/index.php?rest_route=\/wp\/v2\/pages\/1011","targetHints":{"allow":["GET"]}}],"collection":[{"href":"https:\/\/colegiultoplita.ro\/wp\/index.php?rest_route=\/wp\/v2\/pages"}],"about":[{"href":"https:\/\/colegiultoplita.ro\/wp\/index.php?rest_route=\/wp\/v2\/types\/page"}],"author":[{"embeddable":true,"href":"https:\/\/colegiultoplita.ro\/wp\/index.php?rest_route=\/wp\/v2\/users\/1"}],"replies":[{"embeddable":true,"href":"https:\/\/colegiultoplita.ro\/wp\/index.php?rest_route=%2Fwp%2Fv2%2Fcomments&post=1011"}],"version-history":[{"count":3,"href":"https:\/\/colegiultoplita.ro\/wp\/index.php?rest_route=\/wp\/v2\/pages\/1011\/revisions"}],"predecessor-version":[{"id":1441,"href":"https:\/\/colegiultoplita.ro\/wp\/index.php?rest_route=\/wp\/v2\/pages\/1011\/revisions\/1441"}],"wp:attachment":[{"href":"https:\/\/colegiultoplita.ro\/wp\/index.php?rest_route=%2Fwp%2Fv2%2Fmedia&parent=1011"}],"curies":[{"name":"wp","href":"https:\/\/api.w.org\/{rel}","templated":true}]}}