{"id":1010,"date":"2023-10-10T08:09:28","date_gmt":"2023-10-10T08:09:28","guid":{"rendered":"https:\/\/colegiultoplita.ro\/wp\/?page_id=1010"},"modified":"2026-03-31T09:00:16","modified_gmt":"2026-03-31T09:00:16","slug":"consiliul-de-administratie","status":"publish","type":"page","link":"https:\/\/colegiultoplita.ro\/wp\/?page_id=1010","title":{"rendered":"Consiliul de Administra\u021bie"},"content":{"rendered":"\t\t<div data-elementor-type=\"wp-page\" data-elementor-id=\"1010\" class=\"elementor elementor-1010\">\n\t\t\t\t\t\t<section class=\"elementor-section elementor-top-section elementor-element elementor-element-4b3ba06 elementor-section-boxed elementor-section-height-default elementor-section-height-default\" data-id=\"4b3ba06\" data-element_type=\"section\">\n\t\t\t\t\t\t<div class=\"elementor-container elementor-column-gap-default\">\n\t\t\t\t\t<div class=\"elementor-column elementor-col-100 elementor-top-column elementor-element elementor-element-84c490a\" data-id=\"84c490a\" data-element_type=\"column\">\n\t\t\t<div class=\"elementor-widget-wrap elementor-element-populated\">\n\t\t\t\t\t\t<div class=\"elementor-element elementor-element-4a51ef1 elementor-widget elementor-widget-text-editor\" data-id=\"4a51ef1\" data-element_type=\"widget\" data-widget_type=\"text-editor.default\">\n\t\t\t\t<div class=\"elementor-widget-container\">\n\t\t\t\t\t\t\t\t\t<p style=\"text-align: left;\"><strong>\u00a0 \u00a0 \u00a0<span style=\"color: #333300;\">Consiliul de administra\u021bie are rol de conducere al unit\u0103\u0163ii de \u00eenv\u0103\u0163\u0103m\u00e2nt. Atribu\u021biile principale ale Consiliului de administra\u021bie sunt:\u00a0<\/span><\/strong><\/p><ul><li><span style=\"color: #333300;\"><strong>aprob\u0103 Regulamentul Intern\u00a0\u015fi regulamentul de organizare\u00a0\u015fi func\u021bionare a unit\u0103\u021bii de \u00eenv\u0103\u021b\u0103m\u00e2nt cu respectarea prevederilor legale;\u00a0<\/strong><\/span><\/li><li><span style=\"color: #333300;\"><strong>valideaz\u0103 statul de personal pentru toate categoriile de personal din unitate, care urmeaz\u0103 a fi trimis spre aprobare inspectoratului \u015fcolar la \u00eenceputul fiec\u0103rui an \u015fcolar \u015fi ori de c\u00e2te ori apar modific\u0103ri;<\/strong><\/span><\/li><li><span style=\"color: #333300;\"><strong>valideaz\u0103 raportul general privind starea si calitatea \u00eenv\u0103\u021b\u0103m\u00e2ntului din unitatea de \u00eenv\u0103\u021b\u0103m\u00e2nt preuniversitar \u015fi promoveaz\u0103 m\u0103suri ameliorative;<\/strong><\/span><\/li><li><span style=\"color: #333300;\"><strong>aprob\u0103 comisia de elaborare a proiectului de dezvoltare institu\u0163ional\u0103, precum \u015fi comisiile de revizuire a acestuia; aprob\u0103 proiectul de dezvoltare institu\u0163ional\u0103 \u015fi modific\u0103rile ulterioare ale acestuia, precum si planul managerial al directorului;<\/strong><\/span><\/li><li><span style=\"color: #333300;\"><strong>adopt\u0103 proiectul de buget al unit\u0103\u0163ii de \u00eenv\u0103\u021b\u0103m\u00e2nt, \u021bin\u00e2nd cont de toate cheltuielile necesare pentru buna func\u0163ionare a unit\u0103\u0163ii, astfel cum sunt acestea prev\u0103zute \u00een legisla\u0163ia \u00een vigoare \u015fi contractele colective de munc\u0103 aplicabile; proiectul de buget astfel adoptat se \u00eenregistreaz\u0103 la ordonatorul superior de credite;<\/strong><\/span><\/li><li><span style=\"color: #333300;\"><strong>avizeaz\u0103 execu\u0163ia bugetar\u0103 la nivelul unit\u0103\u0163ii de \u00eenv\u0103\u021b\u0103m\u00e2nt \u015fi r\u0103spunde, \u00eempreun\u0103 cu directorul, de \u00eencadrarea \u00een bugetul aprobat, conform legii\u00a0;<\/strong><\/span><\/li><li><span style=\"color: #333300;\"><strong>aprob\u0103 acordarea burselor \u0219colare, conform legisla\u021biei \u00een vigoare;<\/strong><\/span><\/li><li><span style=\"color: #333300;\"><strong>aproba acordarea premiilor pentru personalul unit\u0103\u0163ii de \u00eenv\u0103\u021b\u0103m\u00e2nt,\u00a0\u00een conformitate cu prevederile legale \u00een vigoare;<\/strong><\/span><\/li><li><span style=\"color: #333300;\"><strong>aprob\u0103 curriculum la decizia \u015fcolii cu respectarea prevederilor legale;<\/strong><\/span><\/li><li style=\"text-align: left;\"><span style=\"color: #333300;\"><strong>realizeaz\u0103 anual evaluarea activit\u0103\u0163ii personalului conform prevederilor legale.<\/strong><\/span><\/li><\/ul>\t\t\t\t\t\t\t\t<\/div>\n\t\t\t\t<\/div>\n\t\t\t\t\t<\/div>\n\t\t<\/div>\n\t\t\t\t\t<\/div>\n\t\t<\/section>\n\t\t<div class=\"elementor-element elementor-element-b7f8001 e-flex e-con-boxed e-con e-parent\" data-id=\"b7f8001\" data-element_type=\"container\">\n\t\t\t\t\t<div class=\"e-con-inner\">\n\t\t\t\t<div class=\"elementor-element elementor-element-7290f92 elementor-widget elementor-widget-heading\" data-id=\"7290f92\" data-element_type=\"widget\" data-widget_type=\"heading.default\">\n\t\t\t\t<div class=\"elementor-widget-container\">\n\t\t\t\t\t<h5 class=\"elementor-heading-title elementor-size-default\"><a href=\"https:\/\/colegiultoplita.ro\/wp\/wp-content\/uploads\/2026\/03\/Componenta-CA-2026.pdf\">Componen\u021ba Consiliului de Administra\u021bie<\/a><\/h5>\t\t\t\t<\/div>\n\t\t\t\t<\/div>\n\t\t\t\t\t<\/div>\n\t\t\t\t<\/div>\n\t\t\t\t<\/div>\n\t\t","protected":false},"excerpt":{"rendered":"<p>\u00a0 \u00a0 \u00a0Consiliul de administra\u021bie are rol de conducere al unit\u0103\u0163ii de \u00eenv\u0103\u0163\u0103m\u00e2nt. Atribu\u021biile principale ale Consiliului de administra\u021bie sunt:\u00a0 aprob\u0103 Regulamentul Intern\u00a0\u015fi regulamentul de organizare\u00a0\u015fi func\u021bionare a unit\u0103\u021bii de \u00eenv\u0103\u021b\u0103m\u00e2nt cu respectarea prevederilor legale;\u00a0 valideaz\u0103 statul de personal pentru toate categoriile de personal din unitate, care urmeaz\u0103 a fi trimis spre aprobare inspectoratului \u015fcolar [&hellip;]<\/p>\n","protected":false},"author":1,"featured_media":0,"parent":0,"menu_order":0,"comment_status":"closed","ping_status":"closed","template":"","meta":{"site-sidebar-layout":"default","site-content-layout":"","ast-site-content-layout":"","site-content-style":"default","site-sidebar-style":"default","ast-global-header-display":"","ast-banner-title-visibility":"","ast-main-header-display":"","ast-hfb-above-header-display":"","ast-hfb-below-header-display":"","ast-hfb-mobile-header-display":"","site-post-title":"","ast-breadcrumbs-content":"","ast-featured-img":"","footer-sml-layout":"","theme-transparent-header-meta":"","adv-header-id-meta":"","stick-header-meta":"","header-above-stick-meta":"","header-main-stick-meta":"","header-below-stick-meta":"","astra-migrate-meta-layouts":"default","ast-page-background-enabled":"default","ast-page-background-meta":{"desktop":{"background-color":"var(--ast-global-color-4)","background-image":"","background-repeat":"repeat","background-position":"center center","background-size":"auto","background-attachment":"scroll","background-type":"","background-media":"","overlay-type":"","overlay-color":"","overlay-gradient":""},"tablet":{"background-color":"","background-image":"","background-repeat":"repeat","background-position":"center center","background-size":"auto","background-attachment":"scroll","background-type":"","background-media":"","overlay-type":"","overlay-color":"","overlay-gradient":""},"mobile":{"background-color":"","background-image":"","background-repeat":"repeat","background-position":"center center","background-size":"auto","background-attachment":"scroll","background-type":"","background-media":"","overlay-type":"","overlay-color":"","overlay-gradient":""}},"ast-content-background-meta":{"desktop":{"background-color":"var(--ast-global-color-5)","background-image":"","background-repeat":"repeat","background-position":"center center","background-size":"auto","background-attachment":"scroll","background-type":"","background-media":"","overlay-type":"","overlay-color":"","overlay-gradient":""},"tablet":{"background-color":"var(--ast-global-color-5)","background-image":"","background-repeat":"repeat","background-position":"center center","background-size":"auto","background-attachment":"scroll","background-type":"","background-media":"","overlay-type":"","overlay-color":"","overlay-gradient":""},"mobile":{"background-color":"var(--ast-global-color-5)","background-image":"","background-repeat":"repeat","background-position":"center center","background-size":"auto","background-attachment":"scroll","background-type":"","background-media":"","overlay-type":"","overlay-color":"","overlay-gradient":""}},"footnotes":""},"class_list":["post-1010","page","type-page","status-publish","hentry"],"yoast_head":"<!-- This site is optimized with the Yoast SEO plugin v26.7 - https:\/\/yoast.com\/wordpress\/plugins\/seo\/ -->\n<title>Consiliul de Administra\u021bie CNME Topli\u021ba<\/title>\n<meta name=\"description\" content=\"Atribu\u021biile principale ale Consiliului de administra\u021bie\" \/>\n<meta name=\"robots\" content=\"index, follow, max-snippet:-1, max-image-preview:large, max-video-preview:-1\" \/>\n<link rel=\"canonical\" href=\"https:\/\/colegiultoplita.ro\/wp\/?page_id=1010\" \/>\n<meta property=\"og:locale\" content=\"ro_RO\" \/>\n<meta property=\"og:type\" content=\"article\" \/>\n<meta property=\"og:title\" content=\"Consiliul de Administra\u021bie CNME Topli\u021ba\" \/>\n<meta property=\"og:description\" content=\"Atribu\u021biile principale ale Consiliului de administra\u021bie\" \/>\n<meta property=\"og:url\" content=\"https:\/\/colegiultoplita.ro\/wp\/?page_id=1010\" \/>\n<meta property=\"article:modified_time\" content=\"2026-03-31T09:00:16+00:00\" \/>\n<meta name=\"twitter:card\" content=\"summary_large_image\" \/>\n<meta name=\"twitter:label1\" content=\"Timp estimat pentru citire\" \/>\n\t<meta name=\"twitter:data1\" content=\"2 minute\" \/>\n<script type=\"application\/ld+json\" class=\"yoast-schema-graph\">{\"@context\":\"https:\/\/schema.org\",\"@graph\":[{\"@type\":\"WebPage\",\"@id\":\"https:\/\/colegiultoplita.ro\/wp\/?page_id=1010\",\"url\":\"https:\/\/colegiultoplita.ro\/wp\/?page_id=1010\",\"name\":\"Consiliul de Administra\u021bie CNME Topli\u021ba\",\"isPartOf\":{\"@id\":\"https:\/\/colegiultoplita.ro\/wp\/#website\"},\"datePublished\":\"2023-10-10T08:09:28+00:00\",\"dateModified\":\"2026-03-31T09:00:16+00:00\",\"description\":\"Atribu\u021biile principale ale Consiliului de administra\u021bie\",\"breadcrumb\":{\"@id\":\"https:\/\/colegiultoplita.ro\/wp\/?page_id=1010#breadcrumb\"},\"inLanguage\":\"ro-RO\",\"potentialAction\":[{\"@type\":\"ReadAction\",\"target\":[\"https:\/\/colegiultoplita.ro\/wp\/?page_id=1010\"]}]},{\"@type\":\"BreadcrumbList\",\"@id\":\"https:\/\/colegiultoplita.ro\/wp\/?page_id=1010#breadcrumb\",\"itemListElement\":[{\"@type\":\"ListItem\",\"position\":1,\"name\":\"Prima pagin\u0103\",\"item\":\"https:\/\/colegiultoplita.ro\/wp\/\"},{\"@type\":\"ListItem\",\"position\":2,\"name\":\"Consiliul de Administra\u021bie\"}]},{\"@type\":\"WebSite\",\"@id\":\"https:\/\/colegiultoplita.ro\/wp\/#website\",\"url\":\"https:\/\/colegiultoplita.ro\/wp\/\",\"name\":\"Colegiul Na\u021bional \u201dMihai Eminescu\u201d Topli\u021ba\",\"description\":\"\",\"publisher\":{\"@id\":\"https:\/\/colegiultoplita.ro\/wp\/#organization\"},\"potentialAction\":[{\"@type\":\"SearchAction\",\"target\":{\"@type\":\"EntryPoint\",\"urlTemplate\":\"https:\/\/colegiultoplita.ro\/wp\/?s={search_term_string}\"},\"query-input\":{\"@type\":\"PropertyValueSpecification\",\"valueRequired\":true,\"valueName\":\"search_term_string\"}}],\"inLanguage\":\"ro-RO\"},{\"@type\":\"Organization\",\"@id\":\"https:\/\/colegiultoplita.ro\/wp\/#organization\",\"name\":\"Colegiul Na\u021bional \u201dMihai Eminescu\u201d Topli\u021ba\",\"url\":\"https:\/\/colegiultoplita.ro\/wp\/\",\"logo\":{\"@type\":\"ImageObject\",\"inLanguage\":\"ro-RO\",\"@id\":\"https:\/\/colegiultoplita.ro\/wp\/#\/schema\/logo\/image\/\",\"url\":\"https:\/\/colegiultoplita.ro\/wp\/wp-content\/uploads\/2024\/01\/sigla-CNME-Toplita-e1704973640527.png\",\"contentUrl\":\"https:\/\/colegiultoplita.ro\/wp\/wp-content\/uploads\/2024\/01\/sigla-CNME-Toplita-e1704973640527.png\",\"width\":60,\"height\":60,\"caption\":\"Colegiul Na\u021bional \u201dMihai Eminescu\u201d Topli\u021ba\"},\"image\":{\"@id\":\"https:\/\/colegiultoplita.ro\/wp\/#\/schema\/logo\/image\/\"}}]}<\/script>\n<!-- \/ Yoast SEO plugin. -->","yoast_head_json":{"title":"Consiliul de Administra\u021bie CNME Topli\u021ba","description":"Atribu\u021biile principale ale Consiliului de administra\u021bie","robots":{"index":"index","follow":"follow","max-snippet":"max-snippet:-1","max-image-preview":"max-image-preview:large","max-video-preview":"max-video-preview:-1"},"canonical":"https:\/\/colegiultoplita.ro\/wp\/?page_id=1010","og_locale":"ro_RO","og_type":"article","og_title":"Consiliul de Administra\u021bie CNME Topli\u021ba","og_description":"Atribu\u021biile principale ale Consiliului de administra\u021bie","og_url":"https:\/\/colegiultoplita.ro\/wp\/?page_id=1010","article_modified_time":"2026-03-31T09:00:16+00:00","twitter_card":"summary_large_image","twitter_misc":{"Timp estimat pentru citire":"2 minute"},"schema":{"@context":"https:\/\/schema.org","@graph":[{"@type":"WebPage","@id":"https:\/\/colegiultoplita.ro\/wp\/?page_id=1010","url":"https:\/\/colegiultoplita.ro\/wp\/?page_id=1010","name":"Consiliul de Administra\u021bie CNME Topli\u021ba","isPartOf":{"@id":"https:\/\/colegiultoplita.ro\/wp\/#website"},"datePublished":"2023-10-10T08:09:28+00:00","dateModified":"2026-03-31T09:00:16+00:00","description":"Atribu\u021biile principale ale Consiliului de administra\u021bie","breadcrumb":{"@id":"https:\/\/colegiultoplita.ro\/wp\/?page_id=1010#breadcrumb"},"inLanguage":"ro-RO","potentialAction":[{"@type":"ReadAction","target":["https:\/\/colegiultoplita.ro\/wp\/?page_id=1010"]}]},{"@type":"BreadcrumbList","@id":"https:\/\/colegiultoplita.ro\/wp\/?page_id=1010#breadcrumb","itemListElement":[{"@type":"ListItem","position":1,"name":"Prima pagin\u0103","item":"https:\/\/colegiultoplita.ro\/wp\/"},{"@type":"ListItem","position":2,"name":"Consiliul de Administra\u021bie"}]},{"@type":"WebSite","@id":"https:\/\/colegiultoplita.ro\/wp\/#website","url":"https:\/\/colegiultoplita.ro\/wp\/","name":"Colegiul Na\u021bional \u201dMihai Eminescu\u201d Topli\u021ba","description":"","publisher":{"@id":"https:\/\/colegiultoplita.ro\/wp\/#organization"},"potentialAction":[{"@type":"SearchAction","target":{"@type":"EntryPoint","urlTemplate":"https:\/\/colegiultoplita.ro\/wp\/?s={search_term_string}"},"query-input":{"@type":"PropertyValueSpecification","valueRequired":true,"valueName":"search_term_string"}}],"inLanguage":"ro-RO"},{"@type":"Organization","@id":"https:\/\/colegiultoplita.ro\/wp\/#organization","name":"Colegiul Na\u021bional \u201dMihai Eminescu\u201d Topli\u021ba","url":"https:\/\/colegiultoplita.ro\/wp\/","logo":{"@type":"ImageObject","inLanguage":"ro-RO","@id":"https:\/\/colegiultoplita.ro\/wp\/#\/schema\/logo\/image\/","url":"https:\/\/colegiultoplita.ro\/wp\/wp-content\/uploads\/2024\/01\/sigla-CNME-Toplita-e1704973640527.png","contentUrl":"https:\/\/colegiultoplita.ro\/wp\/wp-content\/uploads\/2024\/01\/sigla-CNME-Toplita-e1704973640527.png","width":60,"height":60,"caption":"Colegiul Na\u021bional \u201dMihai Eminescu\u201d Topli\u021ba"},"image":{"@id":"https:\/\/colegiultoplita.ro\/wp\/#\/schema\/logo\/image\/"}}]}},"_links":{"self":[{"href":"https:\/\/colegiultoplita.ro\/wp\/index.php?rest_route=\/wp\/v2\/pages\/1010","targetHints":{"allow":["GET"]}}],"collection":[{"href":"https:\/\/colegiultoplita.ro\/wp\/index.php?rest_route=\/wp\/v2\/pages"}],"about":[{"href":"https:\/\/colegiultoplita.ro\/wp\/index.php?rest_route=\/wp\/v2\/types\/page"}],"author":[{"embeddable":true,"href":"https:\/\/colegiultoplita.ro\/wp\/index.php?rest_route=\/wp\/v2\/users\/1"}],"replies":[{"embeddable":true,"href":"https:\/\/colegiultoplita.ro\/wp\/index.php?rest_route=%2Fwp%2Fv2%2Fcomments&post=1010"}],"version-history":[{"count":15,"href":"https:\/\/colegiultoplita.ro\/wp\/index.php?rest_route=\/wp\/v2\/pages\/1010\/revisions"}],"predecessor-version":[{"id":1874,"href":"https:\/\/colegiultoplita.ro\/wp\/index.php?rest_route=\/wp\/v2\/pages\/1010\/revisions\/1874"}],"wp:attachment":[{"href":"https:\/\/colegiultoplita.ro\/wp\/index.php?rest_route=%2Fwp%2Fv2%2Fmedia&parent=1010"}],"curies":[{"name":"wp","href":"https:\/\/api.w.org\/{rel}","templated":true}]}}