{"id":1007,"date":"2023-10-10T08:09:28","date_gmt":"2023-10-10T08:09:28","guid":{"rendered":"https:\/\/colegiultoplita.ro\/wp\/?page_id=1007"},"modified":"2026-04-22T11:37:50","modified_gmt":"2026-04-22T11:37:50","slug":"documente","status":"publish","type":"page","link":"https:\/\/colegiultoplita.ro\/wp\/?page_id=1007","title":{"rendered":"Documente"},"content":{"rendered":"\t\t<div data-elementor-type=\"wp-page\" data-elementor-id=\"1007\" class=\"elementor elementor-1007\">\n\t\t\t\t<div class=\"elementor-element elementor-element-1f5f601 e-flex e-con-boxed e-con e-parent\" data-id=\"1f5f601\" data-element_type=\"container\">\n\t\t\t\t\t<div class=\"e-con-inner\">\n\t\t\t\t<div class=\"elementor-element elementor-element-ee74a97 elementor-widget elementor-widget-heading\" data-id=\"ee74a97\" data-element_type=\"widget\" data-widget_type=\"heading.default\">\n\t\t\t\t<div class=\"elementor-widget-container\">\n\t\t\t\t\t<h2 class=\"elementor-heading-title elementor-size-default\"><a href=\"https:\/\/colegiultoplita.ro\/wp\/wp-content\/uploads\/2024\/10\/Plan-managerial-CNME-2024-2025.pdf\">PLAN MANAGERIAL ANUAL                                        \n<\/a><\/h2>\t\t\t\t<\/div>\n\t\t\t\t<\/div>\n\t\t\t\t<div class=\"elementor-element elementor-element-e19a64b elementor-widget elementor-widget-heading\" data-id=\"e19a64b\" data-element_type=\"widget\" data-widget_type=\"heading.default\">\n\t\t\t\t<div class=\"elementor-widget-container\">\n\t\t\t\t\t<h2 class=\"elementor-heading-title elementor-size-default\"><a href=\"https:\/\/colegiultoplita.ro\/wp\/wp-content\/uploads\/2025\/12\/PAS-2021-2026.pdf\"> PAS 2021 - 2026<\/a><\/h2>\t\t\t\t<\/div>\n\t\t\t\t<\/div>\n\t\t\t\t<div class=\"elementor-element elementor-element-c4ffec2 elementor-widget elementor-widget-heading\" data-id=\"c4ffec2\" data-element_type=\"widget\" data-widget_type=\"heading.default\">\n\t\t\t\t<div class=\"elementor-widget-container\">\n\t\t\t\t\t<h2 class=\"elementor-heading-title elementor-size-default\"><a href=\"https:\/\/colegiultoplita.ro\/wp\/wp-content\/uploads\/2025\/12\/ROI_25-26.pdf\" target=\"_blank\">REGULAMENT DE ORDINE INTERIOAR\u0102 <\/a><\/h2>\t\t\t\t<\/div>\n\t\t\t\t<\/div>\n\t\t\t\t<div class=\"elementor-element elementor-element-cfe87ef elementor-widget elementor-widget-heading\" data-id=\"cfe87ef\" data-element_type=\"widget\" data-widget_type=\"heading.default\">\n\t\t\t\t<div class=\"elementor-widget-container\">\n\t\t\t\t\t<h2 class=\"elementor-heading-title elementor-size-default\"><a href=\"https:\/\/colegiultoplita.ro\/wp\/wp-content\/uploads\/2024\/10\/Raport-asupra-starii-invatamantului-an-scolar-2023-2024.pdf\">RAPORT ASUPRA ST\u0102RII \u00ceNV\u0102\u021a\u0102M\u00c2NTULUI \n   <\/a><\/h2>\t\t\t\t<\/div>\n\t\t\t\t<\/div>\n\t\t\t\t<div class=\"elementor-element elementor-element-26a3487 elementor-widget elementor-widget-heading\" data-id=\"26a3487\" data-element_type=\"widget\" data-widget_type=\"heading.default\">\n\t\t\t\t<div class=\"elementor-widget-container\">\n\t\t\t\t\t<h2 class=\"elementor-heading-title elementor-size-default\"><a href=\"https:\/\/colegiultoplita.ro\/wp\/wp-content\/uploads\/2026\/04\/Transparenta-venituri-salariale-martie-2026.pdf\">    TRANSPAREN\u021aA VENITURILOR SALARIALE<\/a><\/h2>\t\t\t\t<\/div>\n\t\t\t\t<\/div>\n\t\t\t\t\t<\/div>\n\t\t\t\t<\/div>\n\t\t<div class=\"elementor-element elementor-element-d1a9174 e-con-full e-flex e-con e-parent\" data-id=\"d1a9174\" data-element_type=\"container\">\n\t\t\t\t<div class=\"elementor-element elementor-element-e171abc elementor-widget elementor-widget-heading\" data-id=\"e171abc\" data-element_type=\"widget\" data-widget_type=\"heading.default\">\n\t\t\t\t<div class=\"elementor-widget-container\">\n\t\t\t\t\t<h2 class=\"elementor-heading-title elementor-size-default\"><a href=\"https:\/\/colegiultoplita.ro\/wp\/wp-content\/uploads\/2026\/04\/Hot_CA_1-11.pdf\">HOT\u0102R\u00c2RI ALE CONSILIULUI DE ADMINISTRA\u021aIE<\/a><\/h2>\t\t\t\t<\/div>\n\t\t\t\t<\/div>\n\t\t\t\t<\/div>\n\t\t<div class=\"elementor-element elementor-element-1351edd e-flex e-con-boxed e-con e-parent\" data-id=\"1351edd\" data-element_type=\"container\">\n\t\t\t\t\t<div class=\"e-con-inner\">\n\t\t\t\t<div class=\"elementor-element elementor-element-6ca105b elementor-widget elementor-widget-heading\" data-id=\"6ca105b\" data-element_type=\"widget\" data-widget_type=\"heading.default\">\n\t\t\t\t<div class=\"elementor-widget-container\">\n\t\t\t\t\t<h2 class=\"elementor-heading-title elementor-size-default\"><a href=\"https:\/\/colegiultoplita.ro\/wp\/wp-content\/uploads\/2026\/01\/declaratii_interese_2025-2026.pdf\">DECLARA\u021aII DE INTERESE  2025 - 2026<\/a><\/h2>\t\t\t\t<\/div>\n\t\t\t\t<\/div>\n\t\t\t\t\t<\/div>\n\t\t\t\t<\/div>\n\t\t\t\t<\/div>\n\t\t","protected":false},"excerpt":{"rendered":"<p>PLAN MANAGERIAL ANUAL PAS 2021 &#8211; 2026 REGULAMENT DE ORDINE INTERIOAR\u0102 RAPORT ASUPRA ST\u0102RII \u00ceNV\u0102\u021a\u0102M\u00c2NTULUI TRANSPAREN\u021aA VENITURILOR SALARIALE HOT\u0102R\u00c2RI ALE CONSILIULUI DE ADMINISTRA\u021aIE DECLARA\u021aII DE INTERESE 2025 &#8211; 2026<\/p>\n","protected":false},"author":1,"featured_media":0,"parent":0,"menu_order":0,"comment_status":"closed","ping_status":"closed","template":"","meta":{"site-sidebar-layout":"default","site-content-layout":"","ast-site-content-layout":"","site-content-style":"default","site-sidebar-style":"default","ast-global-header-display":"","ast-banner-title-visibility":"","ast-main-header-display":"","ast-hfb-above-header-display":"","ast-hfb-below-header-display":"","ast-hfb-mobile-header-display":"","site-post-title":"","ast-breadcrumbs-content":"","ast-featured-img":"","footer-sml-layout":"","theme-transparent-header-meta":"","adv-header-id-meta":"","stick-header-meta":"","header-above-stick-meta":"","header-main-stick-meta":"","header-below-stick-meta":"","astra-migrate-meta-layouts":"default","ast-page-background-enabled":"default","ast-page-background-meta":{"desktop":{"background-color":"var(--ast-global-color-4)","background-image":"","background-repeat":"repeat","background-position":"center center","background-size":"auto","background-attachment":"scroll","background-type":"","background-media":"","overlay-type":"","overlay-color":"","overlay-gradient":""},"tablet":{"background-color":"","background-image":"","background-repeat":"repeat","background-position":"center center","background-size":"auto","background-attachment":"scroll","background-type":"","background-media":"","overlay-type":"","overlay-color":"","overlay-gradient":""},"mobile":{"background-color":"","background-image":"","background-repeat":"repeat","background-position":"center center","background-size":"auto","background-attachment":"scroll","background-type":"","background-media":"","overlay-type":"","overlay-color":"","overlay-gradient":""}},"ast-content-background-meta":{"desktop":{"background-color":"var(--ast-global-color-5)","background-image":"","background-repeat":"repeat","background-position":"center center","background-size":"auto","background-attachment":"scroll","background-type":"","background-media":"","overlay-type":"","overlay-color":"","overlay-gradient":""},"tablet":{"background-color":"var(--ast-global-color-5)","background-image":"","background-repeat":"repeat","background-position":"center center","background-size":"auto","background-attachment":"scroll","background-type":"","background-media":"","overlay-type":"","overlay-color":"","overlay-gradient":""},"mobile":{"background-color":"var(--ast-global-color-5)","background-image":"","background-repeat":"repeat","background-position":"center center","background-size":"auto","background-attachment":"scroll","background-type":"","background-media":"","overlay-type":"","overlay-color":"","overlay-gradient":""}},"footnotes":""},"class_list":["post-1007","page","type-page","status-publish","hentry"],"yoast_head":"<!-- This site is optimized with the Yoast SEO plugin v26.7 - https:\/\/yoast.com\/wordpress\/plugins\/seo\/ -->\n<title>-<\/title>\n<meta name=\"description\" content=\"Documente ,regulament organizare ,hot\u0103r\u00e2ri CA\" \/>\n<meta name=\"robots\" content=\"index, follow, max-snippet:-1, max-image-preview:large, max-video-preview:-1\" \/>\n<link rel=\"canonical\" href=\"https:\/\/colegiultoplita.ro\/wp\/?page_id=1007\" \/>\n<meta property=\"og:locale\" content=\"ro_RO\" \/>\n<meta property=\"og:type\" content=\"article\" \/>\n<meta property=\"og:title\" content=\"-\" \/>\n<meta property=\"og:description\" content=\"Documente ,regulament organizare ,hot\u0103r\u00e2ri CA\" \/>\n<meta property=\"og:url\" content=\"https:\/\/colegiultoplita.ro\/wp\/?page_id=1007\" \/>\n<meta property=\"article:modified_time\" content=\"2026-04-22T11:37:50+00:00\" \/>\n<meta name=\"twitter:card\" content=\"summary_large_image\" \/>\n<meta name=\"twitter:label1\" content=\"Timp estimat pentru citire\" \/>\n\t<meta name=\"twitter:data1\" content=\"1 minut\" \/>\n<script type=\"application\/ld+json\" class=\"yoast-schema-graph\">{\"@context\":\"https:\/\/schema.org\",\"@graph\":[{\"@type\":\"WebPage\",\"@id\":\"https:\/\/colegiultoplita.ro\/wp\/?page_id=1007\",\"url\":\"https:\/\/colegiultoplita.ro\/wp\/?page_id=1007\",\"name\":\"-\",\"isPartOf\":{\"@id\":\"https:\/\/colegiultoplita.ro\/wp\/#website\"},\"datePublished\":\"2023-10-10T08:09:28+00:00\",\"dateModified\":\"2026-04-22T11:37:50+00:00\",\"description\":\"Documente ,regulament organizare ,hot\u0103r\u00e2ri CA\",\"breadcrumb\":{\"@id\":\"https:\/\/colegiultoplita.ro\/wp\/?page_id=1007#breadcrumb\"},\"inLanguage\":\"ro-RO\",\"potentialAction\":[{\"@type\":\"ReadAction\",\"target\":[\"https:\/\/colegiultoplita.ro\/wp\/?page_id=1007\"]}]},{\"@type\":\"BreadcrumbList\",\"@id\":\"https:\/\/colegiultoplita.ro\/wp\/?page_id=1007#breadcrumb\",\"itemListElement\":[{\"@type\":\"ListItem\",\"position\":1,\"name\":\"Prima pagin\u0103\",\"item\":\"https:\/\/colegiultoplita.ro\/wp\/\"},{\"@type\":\"ListItem\",\"position\":2,\"name\":\"Documente\"}]},{\"@type\":\"WebSite\",\"@id\":\"https:\/\/colegiultoplita.ro\/wp\/#website\",\"url\":\"https:\/\/colegiultoplita.ro\/wp\/\",\"name\":\"Colegiul Na\u021bional \u201dMihai Eminescu\u201d Topli\u021ba\",\"description\":\"\",\"publisher\":{\"@id\":\"https:\/\/colegiultoplita.ro\/wp\/#organization\"},\"potentialAction\":[{\"@type\":\"SearchAction\",\"target\":{\"@type\":\"EntryPoint\",\"urlTemplate\":\"https:\/\/colegiultoplita.ro\/wp\/?s={search_term_string}\"},\"query-input\":{\"@type\":\"PropertyValueSpecification\",\"valueRequired\":true,\"valueName\":\"search_term_string\"}}],\"inLanguage\":\"ro-RO\"},{\"@type\":\"Organization\",\"@id\":\"https:\/\/colegiultoplita.ro\/wp\/#organization\",\"name\":\"Colegiul Na\u021bional \u201dMihai Eminescu\u201d Topli\u021ba\",\"url\":\"https:\/\/colegiultoplita.ro\/wp\/\",\"logo\":{\"@type\":\"ImageObject\",\"inLanguage\":\"ro-RO\",\"@id\":\"https:\/\/colegiultoplita.ro\/wp\/#\/schema\/logo\/image\/\",\"url\":\"https:\/\/colegiultoplita.ro\/wp\/wp-content\/uploads\/2024\/01\/sigla-CNME-Toplita-e1704973640527.png\",\"contentUrl\":\"https:\/\/colegiultoplita.ro\/wp\/wp-content\/uploads\/2024\/01\/sigla-CNME-Toplita-e1704973640527.png\",\"width\":60,\"height\":60,\"caption\":\"Colegiul Na\u021bional \u201dMihai Eminescu\u201d Topli\u021ba\"},\"image\":{\"@id\":\"https:\/\/colegiultoplita.ro\/wp\/#\/schema\/logo\/image\/\"}}]}<\/script>\n<!-- \/ Yoast SEO plugin. -->","yoast_head_json":{"title":"-","description":"Documente ,regulament organizare ,hot\u0103r\u00e2ri CA","robots":{"index":"index","follow":"follow","max-snippet":"max-snippet:-1","max-image-preview":"max-image-preview:large","max-video-preview":"max-video-preview:-1"},"canonical":"https:\/\/colegiultoplita.ro\/wp\/?page_id=1007","og_locale":"ro_RO","og_type":"article","og_title":"-","og_description":"Documente ,regulament organizare ,hot\u0103r\u00e2ri CA","og_url":"https:\/\/colegiultoplita.ro\/wp\/?page_id=1007","article_modified_time":"2026-04-22T11:37:50+00:00","twitter_card":"summary_large_image","twitter_misc":{"Timp estimat pentru citire":"1 minut"},"schema":{"@context":"https:\/\/schema.org","@graph":[{"@type":"WebPage","@id":"https:\/\/colegiultoplita.ro\/wp\/?page_id=1007","url":"https:\/\/colegiultoplita.ro\/wp\/?page_id=1007","name":"-","isPartOf":{"@id":"https:\/\/colegiultoplita.ro\/wp\/#website"},"datePublished":"2023-10-10T08:09:28+00:00","dateModified":"2026-04-22T11:37:50+00:00","description":"Documente ,regulament organizare ,hot\u0103r\u00e2ri CA","breadcrumb":{"@id":"https:\/\/colegiultoplita.ro\/wp\/?page_id=1007#breadcrumb"},"inLanguage":"ro-RO","potentialAction":[{"@type":"ReadAction","target":["https:\/\/colegiultoplita.ro\/wp\/?page_id=1007"]}]},{"@type":"BreadcrumbList","@id":"https:\/\/colegiultoplita.ro\/wp\/?page_id=1007#breadcrumb","itemListElement":[{"@type":"ListItem","position":1,"name":"Prima pagin\u0103","item":"https:\/\/colegiultoplita.ro\/wp\/"},{"@type":"ListItem","position":2,"name":"Documente"}]},{"@type":"WebSite","@id":"https:\/\/colegiultoplita.ro\/wp\/#website","url":"https:\/\/colegiultoplita.ro\/wp\/","name":"Colegiul Na\u021bional \u201dMihai Eminescu\u201d Topli\u021ba","description":"","publisher":{"@id":"https:\/\/colegiultoplita.ro\/wp\/#organization"},"potentialAction":[{"@type":"SearchAction","target":{"@type":"EntryPoint","urlTemplate":"https:\/\/colegiultoplita.ro\/wp\/?s={search_term_string}"},"query-input":{"@type":"PropertyValueSpecification","valueRequired":true,"valueName":"search_term_string"}}],"inLanguage":"ro-RO"},{"@type":"Organization","@id":"https:\/\/colegiultoplita.ro\/wp\/#organization","name":"Colegiul Na\u021bional \u201dMihai Eminescu\u201d Topli\u021ba","url":"https:\/\/colegiultoplita.ro\/wp\/","logo":{"@type":"ImageObject","inLanguage":"ro-RO","@id":"https:\/\/colegiultoplita.ro\/wp\/#\/schema\/logo\/image\/","url":"https:\/\/colegiultoplita.ro\/wp\/wp-content\/uploads\/2024\/01\/sigla-CNME-Toplita-e1704973640527.png","contentUrl":"https:\/\/colegiultoplita.ro\/wp\/wp-content\/uploads\/2024\/01\/sigla-CNME-Toplita-e1704973640527.png","width":60,"height":60,"caption":"Colegiul Na\u021bional \u201dMihai Eminescu\u201d Topli\u021ba"},"image":{"@id":"https:\/\/colegiultoplita.ro\/wp\/#\/schema\/logo\/image\/"}}]}},"_links":{"self":[{"href":"https:\/\/colegiultoplita.ro\/wp\/index.php?rest_route=\/wp\/v2\/pages\/1007","targetHints":{"allow":["GET"]}}],"collection":[{"href":"https:\/\/colegiultoplita.ro\/wp\/index.php?rest_route=\/wp\/v2\/pages"}],"about":[{"href":"https:\/\/colegiultoplita.ro\/wp\/index.php?rest_route=\/wp\/v2\/types\/page"}],"author":[{"embeddable":true,"href":"https:\/\/colegiultoplita.ro\/wp\/index.php?rest_route=\/wp\/v2\/users\/1"}],"replies":[{"embeddable":true,"href":"https:\/\/colegiultoplita.ro\/wp\/index.php?rest_route=%2Fwp%2Fv2%2Fcomments&post=1007"}],"version-history":[{"count":111,"href":"https:\/\/colegiultoplita.ro\/wp\/index.php?rest_route=\/wp\/v2\/pages\/1007\/revisions"}],"predecessor-version":[{"id":1898,"href":"https:\/\/colegiultoplita.ro\/wp\/index.php?rest_route=\/wp\/v2\/pages\/1007\/revisions\/1898"}],"wp:attachment":[{"href":"https:\/\/colegiultoplita.ro\/wp\/index.php?rest_route=%2Fwp%2Fv2%2Fmedia&parent=1007"}],"curies":[{"name":"wp","href":"https:\/\/api.w.org\/{rel}","templated":true}]}}